{"id":1045,"date":"2024-09-06T12:59:27","date_gmt":"2024-09-06T12:59:27","guid":{"rendered":"https:\/\/tri-europe.com\/dauerhaftigkeit\/"},"modified":"2025-02-26T09:20:20","modified_gmt":"2025-02-26T09:20:20","slug":"dauerhaftigkeit","status":"publish","type":"page","link":"https:\/\/tri-europe.com\/de\/dauerhaftigkeit\/","title":{"rendered":"Dauerhaftigkeit"},"content":{"rendered":"\t\t<div data-elementor-type=\"wp-post\" data-elementor-id=\"1045\" class=\"elementor elementor-1045 elementor-860\">\n\t\t\t\t\t\t<section class=\"elementor-section elementor-top-section elementor-element elementor-element-5709d66 elementor-section-full_width elementor-section-height-default elementor-section-height-default\" data-id=\"5709d66\" data-element_type=\"section\" data-e-type=\"section\">\n\t\t\t\t\t\t<div class=\"elementor-container elementor-column-gap-default\">\n\t\t\t\t\t<div class=\"elementor-column elementor-col-100 elementor-top-column elementor-element elementor-element-36c17e4\" data-id=\"36c17e4\" data-element_type=\"column\" data-e-type=\"column\">\n\t\t\t<div class=\"elementor-widget-wrap elementor-element-populated\">\n\t\t\t\t\t\t<div class=\"elementor-element elementor-element-a444db8 elementor-align-left elementor-widget elementor-widget-bdevs-banner\" data-id=\"a444db8\" data-element_type=\"widget\" data-e-type=\"widget\" data-widget_type=\"bdevs-banner.default\">\n\t\t\t\t<div class=\"elementor-widget-container\">\n\t\t\t\t\t\n\t\t<section class=\"page-title-section\" style=\"background-image: url(http:\/\/tri-europe.com\/wp-content\/uploads\/2024\/09\/slide-slim-7.jpg);\">\n\n\t\t\t<div class=\"container\">\n\n\t\t\t\t<div class=\"row\">\n\n\t\t\t\t\t<div class=\"col-xl-12 text-center\">\n\n\t\t\t\t\t\t<h2 class=\"text-uppercase text-white mrb-10\">Dauerhaftigkeit<\/h2>\n\n\t\t\t\t\t\t\n\t\t\t\t\t\t<ul class=\"mb-0 justify-content-center\">\n\n\t\t\t\t\t\t\t<li class=\"breadcrumb-item\"><a href=\"https:\/\/tri-europe.com\/de\/\" class=\"text-white\">Homepage<\/a><\/li>\n\n\t\t\t\t\t\t\t<li class=\"breadcrumb-item text-primary-color\">Dauerhaftigkeit<\/li>\n\n\t\t\t\t\t\t<\/ul>\n\n\t\t\t\t\t\t\n\t\t\t\t\t<\/div>\n\n\t\t\t\t<\/div>\n\n\t\t\t<\/div>\n\n\t\t<\/section>\n\n\t\t\t\t\t<\/div>\n\t\t\t\t<\/div>\n\t\t\t\t\t<\/div>\n\t\t<\/div>\n\t\t\t\t\t<\/div>\n\t\t<\/section>\n\t\t<div class=\"elementor-element elementor-element-c1d202f e-flex e-con-boxed e-con e-parent\" data-id=\"c1d202f\" data-element_type=\"container\" data-e-type=\"container\">\n\t\t\t\t\t<div class=\"e-con-inner\">\n\t\t<div class=\"elementor-element elementor-element-d1e4a38 e-con-full e-flex e-con e-child\" data-id=\"d1e4a38\" data-element_type=\"container\" data-e-type=\"container\">\n\t\t\t\t<div class=\"elementor-element elementor-element-9f0fb4e elementor-widget elementor-widget-shortcode\" data-id=\"9f0fb4e\" data-element_type=\"widget\" data-e-type=\"widget\" data-widget_type=\"shortcode.default\">\n\t\t\t\t<div class=\"elementor-widget-container\">\n\t\t\t\t\t\t\t<div class=\"elementor-shortcode\"><div class=\"service-nav-menu \"><ul id=\"menu-badania\" class=\"service-link-list mb-30\"><li id=\"menu-item-974\" class=\"menu-item menu-item-type-post_type menu-item-object-page menu-item-974\"><a href=\"https:\/\/tri-europe.com\/pl\/badania-cech-mechanicznych\/\">Mechanische Eigenschaften<\/a><\/li>\n<li id=\"menu-item-975\" class=\"menu-item menu-item-type-post_type menu-item-object-page menu-item-975\"><a href=\"https:\/\/tri-europe.com\/pl\/badania-wlasciwosci-hydraulicznych\/\">Hydraulische Eigenschaften<\/a><\/li>\n<li id=\"menu-item-976\" class=\"menu-item menu-item-type-post_type menu-item-object-page menu-item-976\"><a href=\"https:\/\/tri-europe.com\/pl\/badania-cech-fizycznych\/\">Physikalische Eigenschaften<\/a><\/li>\n<li id=\"menu-item-977\" class=\"menu-item menu-item-type-post_type menu-item-object-page menu-item-977\"><a href=\"https:\/\/tri-europe.com\/pl\/badania-trwalosci\/\">Dauerhaftigkeit<\/a><\/li>\n<li id=\"menu-item-978\" class=\"menu-item menu-item-type-post_type menu-item-object-page menu-item-978\"><a href=\"https:\/\/tri-europe.com\/pl\/badania-w-innych-oddzialach-tri\/\">Mit anderen TRI-Labors durchgef\u00fchrte Tests<\/a><\/li>\n<\/ul><\/div><\/div>\n\t\t\t\t\t\t<\/div>\n\t\t\t\t<\/div>\n\t\t<div class=\"elementor-element elementor-element-f05820f e-con-full e-flex e-con e-child\" data-id=\"f05820f\" data-element_type=\"container\" data-e-type=\"container\" data-settings=\"{&quot;background_background&quot;:&quot;classic&quot;}\">\n\t\t\t\t<div class=\"elementor-element elementor-element-1e26f1c elementor-widget elementor-widget-heading\" data-id=\"1e26f1c\" data-element_type=\"widget\" data-e-type=\"widget\" data-widget_type=\"heading.default\">\n\t\t\t\t<div class=\"elementor-widget-container\">\n\t\t\t\t\t<h4 class=\"elementor-heading-title elementor-size-default\">Anweisungen zur Probenahme <\/h4>\t\t\t\t<\/div>\n\t\t\t\t<\/div>\n\t\t\t\t<div class=\"elementor-element elementor-element-f634291 elementor-widget elementor-widget-button\" data-id=\"f634291\" data-element_type=\"widget\" data-e-type=\"widget\" data-widget_type=\"button.default\">\n\t\t\t\t<div class=\"elementor-widget-container\">\n\t\t\t\t\t\t\t\t\t<div class=\"elementor-button-wrapper\">\n\t\t\t\t\t<a class=\"elementor-button elementor-button-link elementor-size-sm\" href=\"https:\/\/tri-europe.com\/wp-content\/uploads\/2024\/10\/sampling-instruction-short.pdf\" target=\"_blank\">\n\t\t\t\t\t\t<span class=\"elementor-button-content-wrapper\">\n\t\t\t\t\t\t<span class=\"elementor-button-icon\">\n\t\t\t\t<svg aria-hidden=\"true\" class=\"e-font-icon-svg e-far-file-pdf\" viewBox=\"0 0 384 512\" xmlns=\"http:\/\/www.w3.org\/2000\/svg\"><path d=\"M369.9 97.9L286 14C277 5 264.8-.1 252.1-.1H48C21.5 0 0 21.5 0 48v416c0 26.5 21.5 48 48 48h288c26.5 0 48-21.5 48-48V131.9c0-12.7-5.1-25-14.1-34zM332.1 128H256V51.9l76.1 76.1zM48 464V48h160v104c0 13.3 10.7 24 24 24h104v288H48zm250.2-143.7c-12.2-12-47-8.7-64.4-6.5-17.2-10.5-28.7-25-36.8-46.3 3.9-16.1 10.1-40.6 5.4-56-4.2-26.2-37.8-23.6-42.6-5.9-4.4 16.1-.4 38.5 7 67.1-10 23.9-24.9 56-35.4 74.4-20 10.3-47 26.2-51 46.2-3.3 15.8 26 55.2 76.1-31.2 22.4-7.4 46.8-16.5 68.4-20.1 18.9 10.2 41 17 55.8 17 25.5 0 28-28.2 17.5-38.7zm-198.1 77.8c5.1-13.7 24.5-29.5 30.4-35-19 30.3-30.4 35.7-30.4 35zm81.6-190.6c7.4 0 6.7 32.1 1.8 40.8-4.4-13.9-4.3-40.8-1.8-40.8zm-24.4 136.6c9.7-16.9 18-37 24.7-54.7 8.3 15.1 18.9 27.2 30.1 35.5-20.8 4.3-38.9 13.1-54.8 19.2zm131.6-5s-5 6-37.3-7.8c35.1-2.6 40.9 5.4 37.3 7.8z\"><\/path><\/svg>\t\t\t<\/span>\n\t\t\t\t\t\t\t\t\t<span class=\"elementor-button-text\">PDF-Datei herunterladen<\/span>\n\t\t\t\t\t<\/span>\n\t\t\t\t\t<\/a>\n\t\t\t\t<\/div>\n\t\t\t\t\t\t\t\t<\/div>\n\t\t\t\t<\/div>\n\t\t\t\t<\/div>\n\t\t<div class=\"elementor-element elementor-element-22cde2b e-con-full e-flex e-con e-child\" data-id=\"22cde2b\" data-element_type=\"container\" data-e-type=\"container\" data-settings=\"{&quot;background_background&quot;:&quot;classic&quot;}\">\n\t\t\t\t<div class=\"elementor-element elementor-element-7ce80a6 elementor-widget elementor-widget-heading\" data-id=\"7ce80a6\" data-element_type=\"widget\" data-e-type=\"widget\" data-widget_type=\"heading.default\">\n\t\t\t\t<div class=\"elementor-widget-container\">\n\t\t\t\t\t<h4 class=\"elementor-heading-title elementor-size-default\">Umfrage anfragen\/bestellen <\/h4>\t\t\t\t<\/div>\n\t\t\t\t<\/div>\n\t\t\t\t<div class=\"elementor-element elementor-element-1e55274 elementor-align-start elementor-icon-list--layout-traditional elementor-list-item-link-full_width elementor-widget elementor-widget-icon-list\" data-id=\"1e55274\" data-element_type=\"widget\" data-e-type=\"widget\" data-widget_type=\"icon-list.default\">\n\t\t\t\t<div class=\"elementor-widget-container\">\n\t\t\t\t\t\t\t<ul class=\"elementor-icon-list-items\">\n\t\t\t\t\t\t\t<li class=\"elementor-icon-list-item\">\n\t\t\t\t\t\t\t\t\t\t\t<a href=\"tel:+48222997656\">\n\n\t\t\t\t\t\t\t\t\t\t\t\t<span class=\"elementor-icon-list-icon\">\n\t\t\t\t\t\t\t<svg aria-hidden=\"true\" class=\"e-font-icon-svg e-fas-phone-alt\" viewBox=\"0 0 512 512\" xmlns=\"http:\/\/www.w3.org\/2000\/svg\"><path d=\"M497.39 361.8l-112-48a24 24 0 0 0-28 6.9l-49.6 60.6A370.66 370.66 0 0 1 130.6 204.11l60.6-49.6a23.94 23.94 0 0 0 6.9-28l-48-112A24.16 24.16 0 0 0 122.6.61l-104 24A24 24 0 0 0 0 48c0 256.5 207.9 464 464 464a24 24 0 0 0 23.4-18.6l24-104a24.29 24.29 0 0 0-14.01-27.6z\"><\/path><\/svg>\t\t\t\t\t\t<\/span>\n\t\t\t\t\t\t\t\t\t\t<span class=\"elementor-icon-list-text\">+48 22 299 7656<\/span>\n\t\t\t\t\t\t\t\t\t\t\t<\/a>\n\t\t\t\t\t\t\t\t\t<\/li>\n\t\t\t\t\t\t\t\t<li class=\"elementor-icon-list-item\">\n\t\t\t\t\t\t\t\t\t\t\t<a href=\"mailto:europe@tri-env.com\">\n\n\t\t\t\t\t\t\t\t\t\t\t\t<span class=\"elementor-icon-list-icon\">\n\t\t\t\t\t\t\t<svg aria-hidden=\"true\" class=\"e-font-icon-svg e-fas-envelope\" viewBox=\"0 0 512 512\" xmlns=\"http:\/\/www.w3.org\/2000\/svg\"><path d=\"M502.3 190.8c3.9-3.1 9.7-.2 9.7 4.7V400c0 26.5-21.5 48-48 48H48c-26.5 0-48-21.5-48-48V195.6c0-5 5.7-7.8 9.7-4.7 22.4 17.4 52.1 39.5 154.1 113.6 21.1 15.4 56.7 47.8 92.2 47.6 35.7.3 72-32.8 92.3-47.6 102-74.1 131.6-96.3 154-113.7zM256 320c23.2.4 56.6-29.2 73.4-41.4 132.7-96.3 142.8-104.7 173.4-128.7 5.8-4.5 9.2-11.5 9.2-18.9v-19c0-26.5-21.5-48-48-48H48C21.5 64 0 85.5 0 112v19c0 7.4 3.4 14.3 9.2 18.9 30.6 23.9 40.7 32.4 173.4 128.7 16.8 12.2 50.2 41.8 73.4 41.4z\"><\/path><\/svg>\t\t\t\t\t\t<\/span>\n\t\t\t\t\t\t\t\t\t\t<span class=\"elementor-icon-list-text\">europe@tri-env.com<\/span>\n\t\t\t\t\t\t\t\t\t\t\t<\/a>\n\t\t\t\t\t\t\t\t\t<\/li>\n\t\t\t\t\t\t\t\t<li class=\"elementor-icon-list-item\">\n\t\t\t\t\t\t\t\t\t\t\t<span class=\"elementor-icon-list-icon\">\n\t\t\t\t\t\t\t<svg aria-hidden=\"true\" class=\"e-font-icon-svg e-fas-map-pin\" viewBox=\"0 0 288 512\" xmlns=\"http:\/\/www.w3.org\/2000\/svg\"><path d=\"M112 316.94v156.69l22.02 33.02c4.75 7.12 15.22 7.12 19.97 0L176 473.63V316.94c-10.39 1.92-21.06 3.06-32 3.06s-21.61-1.14-32-3.06zM144 0C64.47 0 0 64.47 0 144s64.47 144 144 144 144-64.47 144-144S223.53 0 144 0zm0 76c-37.5 0-68 30.5-68 68 0 6.62-5.38 12-12 12s-12-5.38-12-12c0-50.73 41.28-92 92-92 6.62 0 12 5.38 12 12s-5.38 12-12 12z\"><\/path><\/svg>\t\t\t\t\t\t<\/span>\n\t\t\t\t\t\t\t\t\t\t<span class=\"elementor-icon-list-text\">Zarzewie 12<br>05-830 Nadarzyn<br>Polen <\/span>\n\t\t\t\t\t\t\t\t\t<\/li>\n\t\t\t\t\t\t<\/ul>\n\t\t\t\t\t\t<\/div>\n\t\t\t\t<\/div>\n\t\t\t\t<\/div>\n\t\t\t\t<\/div>\n\t\t<div class=\"elementor-element elementor-element-c7eab9a e-con-full e-flex e-con e-child\" data-id=\"c7eab9a\" data-element_type=\"container\" data-e-type=\"container\">\n\t\t\t\t<div class=\"elementor-element elementor-element-1b4b7dd elementor-widget elementor-widget-text-editor\" data-id=\"1b4b7dd\" data-element_type=\"widget\" data-e-type=\"widget\" data-widget_type=\"text-editor.default\">\n\t\t\t\t<div class=\"elementor-widget-container\">\n\t\t\t\t\t\t\t\t\t<p>Alle geosynthetischen Produkte, die in Europa vermarktet werden, m\u00fcssen eine best\u00e4tigte Dauerhaftigkeit aufweisen, wie sie in harmonisierten Normen gefordert wird. Bei TRI Europe sind wir darauf vorbereitet, Ihre Produkte den vorgeschriebenen harten Bedingungen auszusetzen und die Dauerhaftigkeit mit Hilfe von Kontroll- und Expositionsproben zu bewerten.  <span lang=\"en-US\">F\u00fcr die Dauerhaftigkeitspr\u00fcfung setzen wir die folgenden Ger\u00e4te ein:<\/span><\/p>\n\t\t\t\t\t\t\t\t<\/div>\n\t\t\t\t<\/div>\n\t\t\t\t<div class=\"elementor-element elementor-element-4c50a0b elementor-icon-list--layout-traditional elementor-list-item-link-full_width elementor-widget elementor-widget-icon-list\" data-id=\"4c50a0b\" data-element_type=\"widget\" data-e-type=\"widget\" data-widget_type=\"icon-list.default\">\n\t\t\t\t<div class=\"elementor-widget-container\">\n\t\t\t\t\t\t\t<ul class=\"elementor-icon-list-items\">\n\t\t\t\t\t\t\t<li class=\"elementor-icon-list-item\">\n\t\t\t\t\t\t\t\t\t\t\t<span class=\"elementor-icon-list-icon\">\n\t\t\t\t\t\t\t<svg aria-hidden=\"true\" class=\"e-font-icon-svg e-fas-circle\" viewBox=\"0 0 512 512\" xmlns=\"http:\/\/www.w3.org\/2000\/svg\"><path d=\"M256 8C119 8 8 119 8 256s111 248 248 248 248-111 248-248S393 8 256 8z\"><\/path><\/svg>\t\t\t\t\t\t<\/span>\n\t\t\t\t\t\t\t\t\t\t<span class=\"elementor-icon-list-text\">kalibrierte Q-lab UV-Wettermessger\u00e4te, die eine UV-Bestrahlung im Wechsel mit Wasserspr\u00fchzyklen erm\u00f6glichen<\/span>\n\t\t\t\t\t\t\t\t\t<\/li>\n\t\t\t\t\t\t\t\t<li class=\"elementor-icon-list-item\">\n\t\t\t\t\t\t\t\t\t\t\t<span class=\"elementor-icon-list-icon\">\n\t\t\t\t\t\t\t<svg aria-hidden=\"true\" class=\"e-font-icon-svg e-fas-circle\" viewBox=\"0 0 512 512\" xmlns=\"http:\/\/www.w3.org\/2000\/svg\"><path d=\"M256 8C119 8 8 119 8 256s111 248 248 248 248-111 248-248S393 8 256 8z\"><\/path><\/svg>\t\t\t\t\t\t<\/span>\n\t\t\t\t\t\t\t\t\t\t<span class=\"elementor-icon-list-text\">eine komplette Baugruppe von Labor\u00f6fen mit einstellbaren Luftwechselraten<\/span>\n\t\t\t\t\t\t\t\t\t<\/li>\n\t\t\t\t\t\t\t\t<li class=\"elementor-icon-list-item\">\n\t\t\t\t\t\t\t\t\t\t\t<span class=\"elementor-icon-list-icon\">\n\t\t\t\t\t\t\t<svg aria-hidden=\"true\" class=\"e-font-icon-svg e-fas-circle\" viewBox=\"0 0 512 512\" xmlns=\"http:\/\/www.w3.org\/2000\/svg\"><path d=\"M256 8C119 8 8 119 8 256s111 248 248 248 248-111 248-248S393 8 256 8z\"><\/path><\/svg>\t\t\t\t\t\t<\/span>\n\t\t\t\t\t\t\t\t\t\t<span class=\"elementor-icon-list-text\">Hochdruck-Autoklaven, die mit Tanks f\u00fcr reinen Sauerstoff verbunden sind und es uns erm\u00f6glichen, die Proben erh\u00f6hten Dr\u00fccken und Temperaturen auszusetzen <\/span>\n\t\t\t\t\t\t\t\t\t<\/li>\n\t\t\t\t\t\t\t\t<li class=\"elementor-icon-list-item\">\n\t\t\t\t\t\t\t\t\t\t\t<span class=\"elementor-icon-list-icon\">\n\t\t\t\t\t\t\t<svg aria-hidden=\"true\" class=\"e-font-icon-svg e-fas-circle\" viewBox=\"0 0 512 512\" xmlns=\"http:\/\/www.w3.org\/2000\/svg\"><path d=\"M256 8C119 8 8 119 8 256s111 248 248 248 248-111 248-248S393 8 256 8z\"><\/path><\/svg>\t\t\t\t\t\t<\/span>\n\t\t\t\t\t\t\t\t\t\t<span class=\"elementor-icon-list-text\">Belichtungsb\u00e4der  R\u00fchrwerke<\/span>\n\t\t\t\t\t\t\t\t\t<\/li>\n\t\t\t\t\t\t<\/ul>\n\t\t\t\t\t\t<\/div>\n\t\t\t\t<\/div>\n\t\t\t\t<div class=\"elementor-element elementor-element-b37d3e9 elementor-widget elementor-widget-heading\" data-id=\"b37d3e9\" data-element_type=\"widget\" data-e-type=\"widget\" data-widget_type=\"heading.default\">\n\t\t\t\t<div class=\"elementor-widget-container\">\n\t\t\t\t\t<h3 class=\"elementor-heading-title elementor-size-default\">Einschl\u00e4gige Normen<\/h3>\t\t\t\t<\/div>\n\t\t\t\t<\/div>\n\t\t\t\t<div class=\"elementor-element elementor-element-5c3c4e3 elementor-widget elementor-widget-text-editor\" data-id=\"5c3c4e3\" data-element_type=\"widget\" data-e-type=\"widget\" data-widget_type=\"text-editor.default\">\n\t\t\t\t<div class=\"elementor-widget-container\">\n\t\t\t\t\t\t\t\t\t<table class=\"table\" border=\"1\" cellspacing=\"0\" cellpadding=\"0\">\n    <tbody>\n        <tr>\n            <td style=\"width:160px;\">EN 12224 <\/td><td>Geotextilien und geotextilverwandte Produkte &#8211; Bestimmung der Witterungsbest\u00e4ndigkeit<\/td>\n        <\/tr>\n        <tr>\n            <td>EN ISO 13438 <\/td><td>Geokunststoffe &#8211; Screening-Testverfahren zur Bestimmung der Oxidationsbest\u00e4ndigkeit von Geotextilien und geotextilverwandten Produkten<\/td>\n        <\/tr>\n        <tr>\n            <td>EN 14575 <\/td><td>Geosynthetische Barrieren &#8211; Screening-Testverfahren zur Bestimmung der Oxidationsbest\u00e4ndigkeit<\/td>\n        <\/tr>\n        <tr>\n            <td>EN 12225 <\/td><td>Geokunststoffe &#8211; Verfahren zur Bestimmung der mikrobiologischen Best\u00e4ndigkeit durch einen Bodeneingrabungsversuch<\/td>\n        <\/tr>\n        <tr>\n            <td>EN 12447 <\/td><td>Geotextilien und geotextilverwandte Produkte &#8211; Screening-Testverfahren zur Bestimmung der Hydrolysebest\u00e4ndigkeit in Wasser<\/td>\n        <\/tr>\n        <tr>\n            <td>EN ISO 12960<\/td><td>Geotextilien und geotextilverwandte Produkte &#8211; Screening-Testverfahren zur Bestimmung der Best\u00e4ndigkeit gegen saure und alkalische Fl\u00fcssigkeiten<\/td>\n        <\/tr>\n        <tr>\n            <td>EN 14415<\/td><td>Geosynthetische Barrieren &#8211; Pr\u00fcfverfahren f\u00fcr den Widerstand gegen Auslaugung<\/td>\n        <\/tr>\n        <tr>\n            <td>CEN\/TS 14416<\/td><td>Geosynthetische Barrieren &#8211; Pr\u00fcfverfahren f\u00fcr den Widerstand gegen Wurzeln<\/td>\n        <\/tr>\n        <tr>\n            <td>CEN\/TS 14417<\/td><td>Geosynthetische Barrieren &#8211; Pr\u00fcfverfahren f\u00fcr den Einfluss von Befeuchtungs-Trocknungszyklen auf die Durchl\u00e4ssigkeit von geosynthetischen Tonsperren<\/td>\n        <\/tr>\n        <tr>\n            <td>CEN\/TS 14418<\/td><td>Geosynthetische Barrieren &#8211; Verfahren zur Pr\u00fcfung der Auswirkungen von Frost-Tau-Zyklen auf die Durchl\u00e4ssigkeit von geosynthetischen Tonbarrieren<\/td>\n        <\/tr>\n    <\/tbody>\n<\/table>\t\t\t\t\t\t\t\t<\/div>\n\t\t\t\t<\/div>\n\t\t\t\t<\/div>\n\t\t\t\t\t<\/div>\n\t\t\t\t<\/div>\n\t\t\t\t<\/div>\n\t\t","protected":false},"excerpt":{"rendered":"<p>Dauerhaftigkeit Homepage Dauerhaftigkeit Anweisungen zur Probenahme PDF-Datei herunterladen Umfrage anfragen\/bestellen +48 22 299 7656 europe@tri-env.com Zarzewie 1205-830 NadarzynPolen Alle geosynthetischen Produkte, die in Europa vermarktet werden, m\u00fcssen eine best\u00e4tigte Dauerhaftigkeit aufweisen, wie sie in harmonisierten Normen gefordert wird. Bei TRI Europe sind wir darauf vorbereitet, Ihre Produkte den vorgeschriebenen harten Bedingungen auszusetzen und die Dauerhaftigkeit [&hellip;]<\/p>\n","protected":false},"author":1,"featured_media":0,"parent":0,"menu_order":0,"comment_status":"closed","ping_status":"closed","template":"page-templates\/home.php","meta":{"inline_featured_image":false,"footnotes":""},"class_list":["post-1045","page","type-page","status-publish","hentry"],"yoast_head":"<!-- This site is optimized with the Yoast SEO plugin v27.4 - https:\/\/yoast.com\/product\/yoast-seo-wordpress\/ -->\n<title>Dauerhaftigkeit - TRI Europe<\/title>\n<meta name=\"robots\" content=\"index, follow, max-snippet:-1, max-image-preview:large, max-video-preview:-1\" \/>\n<link rel=\"canonical\" href=\"https:\/\/tri-europe.com\/de\/dauerhaftigkeit\/\" \/>\n<meta property=\"og:locale\" content=\"de_DE\" \/>\n<meta property=\"og:type\" content=\"article\" \/>\n<meta property=\"og:title\" content=\"Dauerhaftigkeit - TRI Europe\" \/>\n<meta property=\"og:description\" content=\"Dauerhaftigkeit Homepage Dauerhaftigkeit Anweisungen zur Probenahme PDF-Datei herunterladen Umfrage anfragen\/bestellen +48 22 299 7656 europe@tri-env.com Zarzewie 1205-830 NadarzynPolen Alle geosynthetischen Produkte, die in Europa vermarktet werden, m\u00fcssen eine best\u00e4tigte Dauerhaftigkeit aufweisen, wie sie in harmonisierten Normen gefordert wird. Bei TRI Europe sind wir darauf vorbereitet, Ihre Produkte den vorgeschriebenen harten Bedingungen auszusetzen und die Dauerhaftigkeit [&hellip;]\" \/>\n<meta property=\"og:url\" content=\"https:\/\/tri-europe.com\/de\/dauerhaftigkeit\/\" \/>\n<meta property=\"og:site_name\" content=\"TRI Europe\" \/>\n<meta property=\"article:modified_time\" content=\"2025-02-26T09:20:20+00:00\" \/>\n<meta name=\"twitter:card\" content=\"summary_large_image\" \/>\n<meta name=\"twitter:label1\" content=\"Gesch\u00e4tzte Lesezeit\" \/>\n\t<meta name=\"twitter:data1\" content=\"2 Minuten\" \/>\n<script type=\"application\/ld+json\" class=\"yoast-schema-graph\">{\"@context\":\"https:\\\/\\\/schema.org\",\"@graph\":[{\"@type\":\"WebPage\",\"@id\":\"https:\\\/\\\/tri-europe.com\\\/de\\\/dauerhaftigkeit\\\/\",\"url\":\"https:\\\/\\\/tri-europe.com\\\/de\\\/dauerhaftigkeit\\\/\",\"name\":\"Dauerhaftigkeit - TRI Europe\",\"isPartOf\":{\"@id\":\"https:\\\/\\\/tri-europe.com\\\/de\\\/#website\"},\"datePublished\":\"2024-09-06T12:59:27+00:00\",\"dateModified\":\"2025-02-26T09:20:20+00:00\",\"breadcrumb\":{\"@id\":\"https:\\\/\\\/tri-europe.com\\\/de\\\/dauerhaftigkeit\\\/#breadcrumb\"},\"inLanguage\":\"de-DE\",\"potentialAction\":[{\"@type\":\"ReadAction\",\"target\":[\"https:\\\/\\\/tri-europe.com\\\/de\\\/dauerhaftigkeit\\\/\"]}]},{\"@type\":\"BreadcrumbList\",\"@id\":\"https:\\\/\\\/tri-europe.com\\\/de\\\/dauerhaftigkeit\\\/#breadcrumb\",\"itemListElement\":[{\"@type\":\"ListItem\",\"position\":1,\"name\":\"Strona g\u0142\u00f3wna\",\"item\":\"https:\\\/\\\/tri-europe.com\\\/de\\\/\"},{\"@type\":\"ListItem\",\"position\":2,\"name\":\"Dauerhaftigkeit\"}]},{\"@type\":\"WebSite\",\"@id\":\"https:\\\/\\\/tri-europe.com\\\/de\\\/#website\",\"url\":\"https:\\\/\\\/tri-europe.com\\\/de\\\/\",\"name\":\"TRI Europe\",\"description\":\"Badania geosyntetyk\u00f3w\",\"potentialAction\":[{\"@type\":\"SearchAction\",\"target\":{\"@type\":\"EntryPoint\",\"urlTemplate\":\"https:\\\/\\\/tri-europe.com\\\/de\\\/?s={search_term_string}\"},\"query-input\":{\"@type\":\"PropertyValueSpecification\",\"valueRequired\":true,\"valueName\":\"search_term_string\"}}],\"inLanguage\":\"de-DE\"}]}<\/script>\n<!-- \/ Yoast SEO plugin. -->","yoast_head_json":{"title":"Dauerhaftigkeit - TRI Europe","robots":{"index":"index","follow":"follow","max-snippet":"max-snippet:-1","max-image-preview":"max-image-preview:large","max-video-preview":"max-video-preview:-1"},"canonical":"https:\/\/tri-europe.com\/de\/dauerhaftigkeit\/","og_locale":"de_DE","og_type":"article","og_title":"Dauerhaftigkeit - TRI Europe","og_description":"Dauerhaftigkeit Homepage Dauerhaftigkeit Anweisungen zur Probenahme PDF-Datei herunterladen Umfrage anfragen\/bestellen +48 22 299 7656 europe@tri-env.com Zarzewie 1205-830 NadarzynPolen Alle geosynthetischen Produkte, die in Europa vermarktet werden, m\u00fcssen eine best\u00e4tigte Dauerhaftigkeit aufweisen, wie sie in harmonisierten Normen gefordert wird. Bei TRI Europe sind wir darauf vorbereitet, Ihre Produkte den vorgeschriebenen harten Bedingungen auszusetzen und die Dauerhaftigkeit [&hellip;]","og_url":"https:\/\/tri-europe.com\/de\/dauerhaftigkeit\/","og_site_name":"TRI Europe","article_modified_time":"2025-02-26T09:20:20+00:00","twitter_card":"summary_large_image","twitter_misc":{"Gesch\u00e4tzte Lesezeit":"2 Minuten"},"schema":{"@context":"https:\/\/schema.org","@graph":[{"@type":"WebPage","@id":"https:\/\/tri-europe.com\/de\/dauerhaftigkeit\/","url":"https:\/\/tri-europe.com\/de\/dauerhaftigkeit\/","name":"Dauerhaftigkeit - TRI Europe","isPartOf":{"@id":"https:\/\/tri-europe.com\/de\/#website"},"datePublished":"2024-09-06T12:59:27+00:00","dateModified":"2025-02-26T09:20:20+00:00","breadcrumb":{"@id":"https:\/\/tri-europe.com\/de\/dauerhaftigkeit\/#breadcrumb"},"inLanguage":"de-DE","potentialAction":[{"@type":"ReadAction","target":["https:\/\/tri-europe.com\/de\/dauerhaftigkeit\/"]}]},{"@type":"BreadcrumbList","@id":"https:\/\/tri-europe.com\/de\/dauerhaftigkeit\/#breadcrumb","itemListElement":[{"@type":"ListItem","position":1,"name":"Strona g\u0142\u00f3wna","item":"https:\/\/tri-europe.com\/de\/"},{"@type":"ListItem","position":2,"name":"Dauerhaftigkeit"}]},{"@type":"WebSite","@id":"https:\/\/tri-europe.com\/de\/#website","url":"https:\/\/tri-europe.com\/de\/","name":"TRI Europe","description":"Badania geosyntetyk\u00f3w","potentialAction":[{"@type":"SearchAction","target":{"@type":"EntryPoint","urlTemplate":"https:\/\/tri-europe.com\/de\/?s={search_term_string}"},"query-input":{"@type":"PropertyValueSpecification","valueRequired":true,"valueName":"search_term_string"}}],"inLanguage":"de-DE"}]}},"_links":{"self":[{"href":"https:\/\/tri-europe.com\/de\/wp-json\/wp\/v2\/pages\/1045","targetHints":{"allow":["GET"]}}],"collection":[{"href":"https:\/\/tri-europe.com\/de\/wp-json\/wp\/v2\/pages"}],"about":[{"href":"https:\/\/tri-europe.com\/de\/wp-json\/wp\/v2\/types\/page"}],"author":[{"embeddable":true,"href":"https:\/\/tri-europe.com\/de\/wp-json\/wp\/v2\/users\/1"}],"replies":[{"embeddable":true,"href":"https:\/\/tri-europe.com\/de\/wp-json\/wp\/v2\/comments?post=1045"}],"version-history":[{"count":0,"href":"https:\/\/tri-europe.com\/de\/wp-json\/wp\/v2\/pages\/1045\/revisions"}],"wp:attachment":[{"href":"https:\/\/tri-europe.com\/de\/wp-json\/wp\/v2\/media?parent=1045"}],"curies":[{"name":"wp","href":"https:\/\/api.w.org\/{rel}","templated":true}]}}