{"id":2184,"date":"2024-10-16T10:46:21","date_gmt":"2024-10-16T10:46:21","guid":{"rendered":"https:\/\/tri-europe.com\/datenschutzpolitik\/"},"modified":"2024-10-16T13:16:34","modified_gmt":"2024-10-16T13:16:34","slug":"datenschutzpolitik","status":"publish","type":"page","link":"https:\/\/tri-europe.com\/de\/datenschutzpolitik\/","title":{"rendered":"Datenschutzpolitik"},"content":{"rendered":"\t\t<div data-elementor-type=\"wp-post\" data-elementor-id=\"2184\" class=\"elementor elementor-2184 elementor-1998\">\n\t\t\t\t\t\t<section class=\"elementor-section elementor-top-section elementor-element elementor-element-a5a354a elementor-section-full_width elementor-section-height-default elementor-section-height-default\" data-id=\"a5a354a\" data-element_type=\"section\" data-e-type=\"section\">\n\t\t\t\t\t\t<div class=\"elementor-container elementor-column-gap-default\">\n\t\t\t\t\t<div class=\"elementor-column elementor-col-100 elementor-top-column elementor-element elementor-element-faaa44e\" data-id=\"faaa44e\" data-element_type=\"column\" data-e-type=\"column\">\n\t\t\t<div class=\"elementor-widget-wrap elementor-element-populated\">\n\t\t\t\t\t\t<div class=\"elementor-element elementor-element-cdfb912 elementor-align-left elementor-widget elementor-widget-bdevs-banner\" data-id=\"cdfb912\" data-element_type=\"widget\" data-e-type=\"widget\" data-widget_type=\"bdevs-banner.default\">\n\t\t\t\t<div class=\"elementor-widget-container\">\n\t\t\t\t\t\n\t\t<section class=\"page-title-section\" style=\"background-image: url(http:\/\/tri-europe.com\/wp-content\/uploads\/2024\/09\/slide-slim-7.jpg);\">\n\n\t\t\t<div class=\"container\">\n\n\t\t\t\t<div class=\"row\">\n\n\t\t\t\t\t<div class=\"col-xl-12 text-center\">\n\n\t\t\t\t\t\t<h2 class=\"text-uppercase text-white mrb-10\">Datenschutzpolitik<\/h2>\n\n\t\t\t\t\t\t\n\t\t\t\t\t\t<ul class=\"mb-0 justify-content-center\">\n\n\t\t\t\t\t\t\t<li class=\"breadcrumb-item\"><a href=\"https:\/\/tri-europe.com\/de\/\" class=\"text-white\">Homepage<\/a><\/li>\n\n\t\t\t\t\t\t\t<li class=\"breadcrumb-item text-primary-color\">Datenschutzpolitik<\/li>\n\n\t\t\t\t\t\t<\/ul>\n\n\t\t\t\t\t\t\n\t\t\t\t\t<\/div>\n\n\t\t\t\t<\/div>\n\n\t\t\t<\/div>\n\n\t\t<\/section>\n\n\t\t\t\t\t<\/div>\n\t\t\t\t<\/div>\n\t\t\t\t\t<\/div>\n\t\t<\/div>\n\t\t\t\t\t<\/div>\n\t\t<\/section>\n\t\t<div class=\"elementor-element elementor-element-01a1b65 e-flex e-con-boxed e-con e-parent\" data-id=\"01a1b65\" data-element_type=\"container\" data-e-type=\"container\">\n\t\t\t\t\t<div class=\"e-con-inner\">\n\t\t<div class=\"elementor-element elementor-element-0f1e5a7 e-con-full e-flex e-con e-child\" data-id=\"0f1e5a7\" data-element_type=\"container\" data-e-type=\"container\">\n\t\t\t\t<div class=\"elementor-element elementor-element-dd346c5 elementor-widget elementor-widget-text-editor\" data-id=\"dd346c5\" data-element_type=\"widget\" data-e-type=\"widget\" data-widget_type=\"text-editor.default\">\n\t\t\t\t<div class=\"elementor-widget-container\">\n\t\t\t\t\t\t\t\t\t<p>Diese Richtlinie enth\u00e4lt grundlegende Informationen \u00fcber den Zweck, die Art und Weise der Verarbeitung und die Sicherheit Ihrer personenbezogenen Daten als Nutzer der Website: www.tri-europe.com (im Folgenden &#8222;die Website&#8220; genannt). Durch die Lekt\u00fcre der Datenschutzrichtlinie erfahren Sie, wer der f\u00fcr Ihre personenbezogenen Daten Verantwortliche ist, welche personenbezogenen Daten von der Website erfasst werden, f\u00fcr welche Zwecke sie verwendet werden und wie sie gesch\u00fctzt werden. <\/p>\n\t\t\t\t\t\t\t\t<\/div>\n\t\t\t\t<\/div>\n\t\t\t\t<div class=\"elementor-element elementor-element-edf8b2d elementor-widget elementor-widget-heading\" data-id=\"edf8b2d\" data-element_type=\"widget\" data-e-type=\"widget\" data-widget_type=\"heading.default\">\n\t\t\t\t<div class=\"elementor-widget-container\">\n\t\t\t\t\t<h3 class=\"elementor-heading-title elementor-size-default\">\u00a71 Hintergrundinformationen. <\/h3>\t\t\t\t<\/div>\n\t\t\t\t<\/div>\n\t\t\t\t<div class=\"elementor-element elementor-element-3fc580e main-content elementor-widget elementor-widget-text-editor\" data-id=\"3fc580e\" data-element_type=\"widget\" data-e-type=\"widget\" data-widget_type=\"text-editor.default\">\n\t\t\t\t<div class=\"elementor-widget-container\">\n\t\t\t\t\t\t\t\t\t<ol>\n \t<li>Der Verwalter Ihrer pers\u00f6nlichen Daten ist: TRI Europe Sp. z o.o., Zarzewie 12, 05-830 Nadarzyn, Polen <\/li>\n \t<li>Kontakt mit dem Administrator ist m\u00f6glich \u00fcber:\n<ol>\n \t<li>E-Mail: europe@tri-env.com<\/li>\n \t<li>per Telefon: +48 22 2997656<\/li>\n<\/ol><\/li>\n<\/ol>\t\t\t\t\t\t\t\t<\/div>\n\t\t\t\t<\/div>\n\t\t\t\t<div class=\"elementor-element elementor-element-4a0f0ec elementor-widget elementor-widget-heading\" data-id=\"4a0f0ec\" data-element_type=\"widget\" data-e-type=\"widget\" data-widget_type=\"heading.default\">\n\t\t\t\t<div class=\"elementor-widget-container\">\n\t\t\t\t\t<h3 class=\"elementor-heading-title elementor-size-default\">\u00a72 Regeln f\u00fcr die Datenverarbeitung. <\/h3>\t\t\t\t<\/div>\n\t\t\t\t<\/div>\n\t\t\t\t<div class=\"elementor-element elementor-element-7560cd1 main-content elementor-widget elementor-widget-text-editor\" data-id=\"7560cd1\" data-element_type=\"widget\" data-e-type=\"widget\" data-widget_type=\"text-editor.default\">\n\t\t\t\t<div class=\"elementor-widget-container\">\n\t\t\t\t\t\t\t\t\t<ol>\n \t<li>Der f\u00fcr die Verarbeitung Verantwortliche muss bei der Verarbeitung personenbezogener Daten die folgenden Grunds\u00e4tze beachten:\n\n<ol>\n \t<li>auf einer gesetzlichen Grundlage und in \u00dcbereinstimmung mit dem Gesetz (Legalismus);<\/li>\n \t<li>mit Integrit\u00e4t und Ehrlichkeit (Zuverl\u00e4ssigkeit);<\/li>\n<li>auf eine Weise, die f\u00fcr die betroffene Person transparent ist (Transparenz);<\/li>\n<li>f\u00fcr bestimmte Zwecke und nicht &#8218;auf Vorrat&#8216; (Minimierung);<\/li>\n<li>nicht mehr als n\u00f6tig (Angemessenheit);<\/li>\n<li>unter Beachtung der Datengenauigkeit (Korrektheit);<\/li>\n<li>nicht l\u00e4nger als n\u00f6tig (Zeitlichkeit);<\/li>\n<li>Gew\u00e4hrleistung einer angemessenen Datensicherheit (Safety).<\/li>\n<\/ol>\n<\/li>\n<\/ol>\t\t\t\t\t\t\t\t<\/div>\n\t\t\t\t<\/div>\n\t\t\t\t<div class=\"elementor-element elementor-element-ac32786 elementor-widget elementor-widget-heading\" data-id=\"ac32786\" data-element_type=\"widget\" data-e-type=\"widget\" data-widget_type=\"heading.default\">\n\t\t\t\t<div class=\"elementor-widget-container\">\n\t\t\t\t\t<h3 class=\"elementor-heading-title elementor-size-default\">\u00a73 Zielsetzung, Rechtsgrundlage und Umfang der Datenverarbeitung.   <\/h3>\t\t\t\t<\/div>\n\t\t\t\t<\/div>\n\t\t\t\t<div class=\"elementor-element elementor-element-fcadebd main-content elementor-widget elementor-widget-text-editor\" data-id=\"fcadebd\" data-element_type=\"widget\" data-e-type=\"widget\" data-widget_type=\"text-editor.default\">\n\t\t\t\t<div class=\"elementor-widget-container\">\n\t\t\t\t\t\t\t\t\t<ol>\n\t<li>Wir werden Ihre Daten verarbeiten:\n\t\t<ol>\n\t\t\t<li>zu Kontaktzwecken, um auf Ihre Nachricht zu antworten, die Sie uns direkt per E-Mail geschickt haben, oder als Antwort auf einen telefonischen Kontakt auf der Grundlage des berechtigten Interesses des Administrators, Ihnen zu antworten;<\/li>\n\t\t\t<li>f\u00fcr Marketingzwecke, ausschlie\u00dflich auf der Grundlage Ihrer Zustimmung;<\/li>\n\t\t\t<li>zu Informationszwecken, um Ihnen wichtige Informationen \u00fcber die Dienste, die Sie \u00fcber unsere Website nutzen, zukommen zu lassen;<\/li>\n\t\t\t<li>f\u00fcr technische Zwecke unter Verwendung von Cookies (technische Cookies), auf der Grundlage des berechtigten Interesses des Administrators in Bezug auf den korrekten Betrieb und das Funktionieren der Website;<\/li>\n\t\t\t<li>zu statistischen und analytischen Zwecken, wenn Sie der Verwendung von Cookies zu analytischen Zwecken (analytische Cookies) zugestimmt haben;<\/li>\n\t\t\t<li>f\u00fcr Marketingzwecke, wenn Sie unserer Verwendung von Cookies f\u00fcr Marketingzwecke (Marketing-Cookies) zugestimmt haben;<\/li>\n\t\t\t<li>zum Zwecke der Archivierung von Telefonnummern, Nachrichten, E-Mails, basierend auf der Erf\u00fcllung des berechtigten Interesses des Verwalters im Zusammenhang mit dem Schutz vor Forderungen;<\/li>\n\t\t\t<li>zum Zweck der Analyse anonymer Informationen. Dabei handelt es sich um Informationen, die \u00fcber unsere Website gesammelt werden, z. B. Informationen \u00fcber Ihren Browser, Ihr Betriebssystem, Ihr Ger\u00e4t, die auf der Website verbrachte Zeit, Seitenwechsel, Klicks auf Links, Ihren ungef\u00e4hren Standort, Ihre Altersgruppe und Ihr Geschlecht. Diese Informationen sind anonymisiert und werden \u00fcber die Werbe- und Analysesysteme unserer Partner erfasst. Sie erlauben keine Identifizierung und Zuordnung zu einem bestimmten Benutzer. Wir verwenden diese Informationen f\u00fcr Marketing-, Analyse- und Statistikzwecke.    <\/li>\t\n\t\t<\/ol>\n\t<\/li>\n\t<li>Wir verarbeiten Ihre Daten in Bezug auf:\n\t\t<ol>\n\t\t\t<li>wenn Sie uns eine Nachricht per E-Mail senden oder telefonisch Auskunft erteilen, werden wir die in dieser Nachricht enthaltenen Daten verarbeiten. Wenn Sie uns auf diese Weise Daten zur Verf\u00fcgung stellen, geschieht dies auf freiwilliger Basis. Sie k\u00f6nnen uns jederzeit auffordern, diese Daten zu l\u00f6schen;  <\/li>\n\t\t\t<li>andere Daten, die wir verarbeiten, sind Ihre IP-Adresse und andere in Cookies gespeicherte Daten. Sie entscheiden, in welchem Umfang wir Cookies mit Ihren Daten verwenden k\u00f6nnen. Wenn Sie uns auf diese Weise Daten zur Verf\u00fcgung stellen, geschieht dies auf freiwilliger Basis. Sie k\u00f6nnen Ihre Einstellungen jederzeit \u00e4ndern. Sie k\u00f6nnen dies in Ihrem Internetbrowser tun oder indem Sie die gespeicherten Cookies von unserer Website l\u00f6schen;    <\/li>\n\t\t<\/ol>\n\t<\/li>\n<\/ol>\t\t\t\t\t\t\t\t<\/div>\n\t\t\t\t<\/div>\n\t\t\t\t<div class=\"elementor-element elementor-element-4dc16fa elementor-widget elementor-widget-heading\" data-id=\"4dc16fa\" data-element_type=\"widget\" data-e-type=\"widget\" data-widget_type=\"heading.default\">\n\t\t\t\t<div class=\"elementor-widget-container\">\n\t\t\t\t\t<h3 class=\"elementor-heading-title elementor-size-default\">\u00a74 Wir f\u00fchren auf der Website kein automatisiertes Profiling durch. <\/h3>\t\t\t\t<\/div>\n\t\t\t\t<\/div>\n\t\t\t\t<div class=\"elementor-element elementor-element-e206332 main-content elementor-widget elementor-widget-text-editor\" data-id=\"e206332\" data-element_type=\"widget\" data-e-type=\"widget\" data-widget_type=\"text-editor.default\">\n\t\t\t\t<div class=\"elementor-widget-container\">\n\t\t\t\t\t\t\t\t\t<ol>\n\t<li>Auf der Website verwenden wir kein automatisiertes Profiling, um Marketingkampagnen zu erstellen, die auf der Messung der Benutzeraktivit\u00e4t basieren, wodurch wir in der Lage w\u00e4ren, Werbematerial unserer Wahl an einen genau identifizierten Benutzer zu richten.<\/li>\n\t<li>Obwohl wir die Werbesysteme unserer Partner (Google) nutzen, handelt es sich bei den Informationen und Daten, die diese \u00fcber Ihre Aktivit\u00e4ten auf der Website erfassen und auf deren Grundlage wir Marketingkampagnen erstellen k\u00f6nnen, nicht um ein automatisiertes Profiling, da wir nicht in der Lage sind, auf der Grundlage dieser Informationen Entscheidungen \u00fcber Sie als bestimmten Nutzer zu treffen (z. B. Ihnen eine bestimmte Werbung anzuzeigen). Wir k\u00f6nnen nur Werbung f\u00fcr Gruppen von Nutzern erstellen, die auf allgemeinen statistischen Daten basieren, die von Partnern bereitgestellt werden. Wir sind nicht in der Lage, einem bestimmten Nutzer auf der Grundlage von Aktivit\u00e4tsdaten eine von uns gew\u00e4hlte Werbung zu zeigen.  <\/li>\n\t<li>Weitere Informationen dar\u00fcber, wie unsere Partner Nutzerprofile erstellen und Zielgruppen bilden, finden Sie in den Datenschutzrichtlinien der Partner im folgenden Abschnitt.<\/li>\n<\/ol>\t\t\t\t\t\t\t\t<\/div>\n\t\t\t\t<\/div>\n\t\t\t\t<div class=\"elementor-element elementor-element-518bffa elementor-widget elementor-widget-heading\" data-id=\"518bffa\" data-element_type=\"widget\" data-e-type=\"widget\" data-widget_type=\"heading.default\">\n\t\t\t\t<div class=\"elementor-widget-container\">\n\t\t\t\t\t<h3 class=\"elementor-heading-title elementor-size-default\">\n\u00a75 Empf\u00e4nger von Daten und die Absicht, Daten an einen Staat au\u00dferhalb des EWR oder an eine internationale Organisation zu \u00fcbermitteln. <\/h3>\t\t\t\t<\/div>\n\t\t\t\t<\/div>\n\t\t\t\t<div class=\"elementor-element elementor-element-a540de0 main-content elementor-widget elementor-widget-text-editor\" data-id=\"a540de0\" data-element_type=\"widget\" data-e-type=\"widget\" data-widget_type=\"text-editor.default\">\n\t\t\t\t<div class=\"elementor-widget-container\">\n\t\t\t\t\t\t\t\t\t<ol>\n\t<li>Je nach dem Zweck, f\u00fcr den wir Ihre Daten verarbeiten, k\u00f6nnen die Empf\u00e4nger Ihrer pers\u00f6nlichen Daten sein:\n\t\t<ol>\n\t\t\t<li>Beh\u00f6rden und andere \u00f6ffentliche Einrichtungen, soweit sich die Verpflichtung zur Daten\u00fcbermittlung aus den auf dem Gebiet der Republik Polen geltenden Rechtsvorschriften ergibt, f\u00fcr die Zwecke, die mit der Erf\u00fcllung der dem f\u00fcr die Verarbeitung Verantwortlichen obliegenden rechtlichen Verpflichtungen zusammenh\u00e4ngen, wie z.B. die Geltendmachung von Rechtsanspr\u00fcchen, die Erf\u00fcllung steuerlicher Pflichten und andere Verfahren, die durch die einschl\u00e4gigen gesetzlichen Bestimmungen geregelt sind;<\/li>\n\t\t\t<li>der Softwareanbieter der Website (Hosting, Server, Domain);<\/li>\n\t\t\t<li>die Einrichtung, die die Programmierung der Website unterst\u00fctzt;<\/li>\n\t\t\t<li>das Unternehmen, das Marketingdienstleistungen f\u00fcr die Website erbringt;<\/li>\n\t\t\t<li>Anbieter von Cloud-basierter Software zur Daten- und Dokumentenspeicherung;<\/li>\n\t\t\t<li>Anbieter von Software zur Verwaltung von Cookies und des Umfangs der verarbeiteten Daten;<\/li>\n\t\t\t<li>wenn Sie Marketing-Cookies zugestimmt haben, werden Ihre in den Cookies gespeicherten Daten an unsere Werbepartner (Google) weitergegeben;<\/li>\n\t\t\t<li>wenn Sie analytischen Cookies zugestimmt haben, werden Ihre in den Cookies gespeicherten Daten vom Anbieter der Verkehrsanalysesoftware f\u00fcr unsere Website (z.B. Google Analytics) verarbeitet.  <\/li>\n\t\t<\/ol>\n\t<\/li>\n\t<li>Ihre Daten werden nicht in L\u00e4nder au\u00dferhalb des EWR oder an internationale Organisationen \u00fcbermittelt, es sei denn, es handelt sich um eine Verarbeitung durch Unternehmen:\n\t\t<ol>\n\t\t\t<li>Google Inc. mit Sitz in den USA f\u00fcr die Analyse des Website-Verkehrs im Google Analytics-System und die Bereitstellung zus\u00e4tzlicher Funktionen (wie Google Maps, Google Search Console) im Zusammenhang mit dem korrekten Funktionieren der Website und der Anzeige von Suchergebnissen. Sehen Sie, wie Google Ihre Daten verarbeitet und sch\u00fctzt. Mit diesem Browser-Add-on k\u00f6nnen Sie den Umfang und die Ebene des Zugriffs auf die von Google Analytics erfassten Daten verwalten;   <\/li>\n\t\t\t<li>Google Inc. mit Sitz in den USA f\u00fcr Werbung und die Messung ihrer Wirksamkeit im Google Ads-System. Sehen Sie, wie Google Ihre Daten verarbeitet und sch\u00fctzt;  <\/li>\n\t\t<\/ol>\n\t<\/li>\n\n<\/ol>\t\t\t\t\t\t\t\t<\/div>\n\t\t\t\t<\/div>\n\t\t\t\t<div class=\"elementor-element elementor-element-9029b76 elementor-widget elementor-widget-heading\" data-id=\"9029b76\" data-element_type=\"widget\" data-e-type=\"widget\" data-widget_type=\"heading.default\">\n\t\t\t\t<div class=\"elementor-widget-container\">\n\t\t\t\t\t<h3 class=\"elementor-heading-title elementor-size-default\">\u00a76 Aufbewahrungsfrist der Daten. <\/h3>\t\t\t\t<\/div>\n\t\t\t\t<\/div>\n\t\t\t\t<div class=\"elementor-element elementor-element-da30e55 main-content elementor-widget elementor-widget-text-editor\" data-id=\"da30e55\" data-element_type=\"widget\" data-e-type=\"widget\" data-widget_type=\"text-editor.default\">\n\t\t\t\t<div class=\"elementor-widget-container\">\n\t\t\t\t\t\t\t\t\t<ol>\n\t<li>Wir sind nicht in der Lage, einen einzelnen Zeitraum festzulegen, f\u00fcr den wir Ihre Daten verarbeiten.<\/li>\n\t<li>Wenn Sie uns Ihre Daten in einer E-Mail oder Telefonnachricht mitgeteilt haben, verarbeiten wir Ihre Daten, bis Sie die L\u00f6schung dieser Daten verlangen oder der Verarbeitung widersprechen, aber auch f\u00fcr den Fall, dass wir der Ansicht sind, dass wir das berechtigte Interesse des f\u00fcr die Verarbeitung Verantwortlichen erf\u00fcllt haben.  <\/li>\n<\/ol>\t\t\t\t\t\t\t\t<\/div>\n\t\t\t\t<\/div>\n\t\t\t\t<div class=\"elementor-element elementor-element-89794f7 elementor-widget elementor-widget-heading\" data-id=\"89794f7\" data-element_type=\"widget\" data-e-type=\"widget\" data-widget_type=\"heading.default\">\n\t\t\t\t<div class=\"elementor-widget-container\">\n\t\t\t\t\t<h3 class=\"elementor-heading-title elementor-size-default\">\u00a77 Benutzerrechte. <\/h3>\t\t\t\t<\/div>\n\t\t\t\t<\/div>\n\t\t\t\t<div class=\"elementor-element elementor-element-0b69ede main-content elementor-widget elementor-widget-text-editor\" data-id=\"0b69ede\" data-element_type=\"widget\" data-e-type=\"widget\" data-widget_type=\"text-editor.default\">\n\t\t\t\t<div class=\"elementor-widget-container\">\n\t\t\t\t\t\t\t\t\t<ol>\n\t<li>Sie haben die folgenden Rechte in Bezug auf die Verarbeitung Ihrer Daten:\n\t\t<ol>\n\t\t\t<li>Zugriff auf den Inhalt ihrer Daten und das Recht auf Berichtigung, L\u00f6schung, Einschr\u00e4nkung der Verarbeitung;<\/li>\n\t\t\t<li>das Recht auf Daten\u00fcbertragbarkeit;<\/li>\n\t\t\t<li>das Recht, Einspruch zu erheben;<\/li>\n\t\t\t<li>Das Recht, die Zustimmung zu ihrer Verarbeitung jederzeit und in jeder Form zu widerrufen, es sei denn, die Verarbeitung erfolgt zur Erf\u00fcllung eines Vertrags durch den f\u00fcr die Verarbeitung Verantwortlichen, zur Erf\u00fcllung gesetzlicher Verpflichtungen des f\u00fcr die Verarbeitung Verantwortlichen gegen\u00fcber staatlichen Institutionen oder zur Wahrung seiner berechtigten Interessen.<\/li>\n\t\t<\/ol>\n\t<\/li>\n\t<li>Sie haben auch das Recht, eine Beschwerde beim Pr\u00e4sidenten des Amtes f\u00fcr den Schutz personenbezogener Daten einzureichen (an die Adresse des Amtes f\u00fcr den Schutz personenbezogener Daten, ul. Stawki 2, 00-193 Warschau).<\/li>\n\t<li>Weitere Informationen zum Datenschutz finden Sie auf der Website des Amtes f\u00fcr den Schutz personenbezogener Daten: www.uodo.gov.pl.<\/li>\n<\/ol>\t\t\t\t\t\t\t\t<\/div>\n\t\t\t\t<\/div>\n\t\t\t\t<\/div>\n\t\t\t\t\t<\/div>\n\t\t\t\t<\/div>\n\t\t\t\t<\/div>\n\t\t","protected":false},"excerpt":{"rendered":"<p>Datenschutzpolitik Homepage Datenschutzpolitik Diese Richtlinie enth\u00e4lt grundlegende Informationen \u00fcber den Zweck, die Art und Weise der Verarbeitung und die Sicherheit Ihrer personenbezogenen Daten als Nutzer der Website: www.tri-europe.com (im Folgenden &#8222;die Website&#8220; genannt). Durch die Lekt\u00fcre der Datenschutzrichtlinie erfahren Sie, wer der f\u00fcr Ihre personenbezogenen Daten Verantwortliche ist, welche personenbezogenen Daten von der Website erfasst [&hellip;]<\/p>\n","protected":false},"author":1,"featured_media":0,"parent":0,"menu_order":0,"comment_status":"closed","ping_status":"closed","template":"page-templates\/home.php","meta":{"inline_featured_image":false,"footnotes":""},"class_list":["post-2184","page","type-page","status-publish","hentry"],"yoast_head":"<!-- This site is optimized with the Yoast SEO plugin v27.6 - https:\/\/yoast.com\/product\/yoast-seo-wordpress\/ -->\n<title>Datenschutzpolitik - TRI Europe<\/title>\n<meta name=\"robots\" content=\"index, follow, max-snippet:-1, max-image-preview:large, max-video-preview:-1\" \/>\n<link rel=\"canonical\" href=\"https:\/\/tri-europe.com\/de\/datenschutzpolitik\/\" \/>\n<meta property=\"og:locale\" content=\"de_DE\" \/>\n<meta property=\"og:type\" content=\"article\" \/>\n<meta property=\"og:title\" content=\"Datenschutzpolitik - TRI Europe\" \/>\n<meta property=\"og:description\" content=\"Datenschutzpolitik Homepage Datenschutzpolitik Diese Richtlinie enth\u00e4lt grundlegende Informationen \u00fcber den Zweck, die Art und Weise der Verarbeitung und die Sicherheit Ihrer personenbezogenen Daten als Nutzer der Website: www.tri-europe.com (im Folgenden &#8222;die Website&#8220; genannt). Durch die Lekt\u00fcre der Datenschutzrichtlinie erfahren Sie, wer der f\u00fcr Ihre personenbezogenen Daten Verantwortliche ist, welche personenbezogenen Daten von der Website erfasst [&hellip;]\" \/>\n<meta property=\"og:url\" content=\"https:\/\/tri-europe.com\/de\/datenschutzpolitik\/\" \/>\n<meta property=\"og:site_name\" content=\"TRI Europe\" \/>\n<meta property=\"article:modified_time\" content=\"2024-10-16T13:16:34+00:00\" \/>\n<meta name=\"twitter:card\" content=\"summary_large_image\" \/>\n<meta name=\"twitter:label1\" content=\"Gesch\u00e4tzte Lesezeit\" \/>\n\t<meta name=\"twitter:data1\" content=\"7 Minuten\" \/>\n<script type=\"application\/ld+json\" class=\"yoast-schema-graph\">{\"@context\":\"https:\\\/\\\/schema.org\",\"@graph\":[{\"@type\":\"WebPage\",\"@id\":\"https:\\\/\\\/tri-europe.com\\\/de\\\/datenschutzpolitik\\\/\",\"url\":\"https:\\\/\\\/tri-europe.com\\\/de\\\/datenschutzpolitik\\\/\",\"name\":\"Datenschutzpolitik - TRI Europe\",\"isPartOf\":{\"@id\":\"https:\\\/\\\/tri-europe.com\\\/de\\\/#website\"},\"datePublished\":\"2024-10-16T10:46:21+00:00\",\"dateModified\":\"2024-10-16T13:16:34+00:00\",\"breadcrumb\":{\"@id\":\"https:\\\/\\\/tri-europe.com\\\/de\\\/datenschutzpolitik\\\/#breadcrumb\"},\"inLanguage\":\"de-DE\",\"potentialAction\":[{\"@type\":\"ReadAction\",\"target\":[\"https:\\\/\\\/tri-europe.com\\\/de\\\/datenschutzpolitik\\\/\"]}]},{\"@type\":\"BreadcrumbList\",\"@id\":\"https:\\\/\\\/tri-europe.com\\\/de\\\/datenschutzpolitik\\\/#breadcrumb\",\"itemListElement\":[{\"@type\":\"ListItem\",\"position\":1,\"name\":\"Strona g\u0142\u00f3wna\",\"item\":\"https:\\\/\\\/tri-europe.com\\\/de\\\/\"},{\"@type\":\"ListItem\",\"position\":2,\"name\":\"Datenschutzpolitik\"}]},{\"@type\":\"WebSite\",\"@id\":\"https:\\\/\\\/tri-europe.com\\\/de\\\/#website\",\"url\":\"https:\\\/\\\/tri-europe.com\\\/de\\\/\",\"name\":\"TRI Europe\",\"description\":\"Badania geosyntetyk\u00f3w\",\"potentialAction\":[{\"@type\":\"SearchAction\",\"target\":{\"@type\":\"EntryPoint\",\"urlTemplate\":\"https:\\\/\\\/tri-europe.com\\\/de\\\/?s={search_term_string}\"},\"query-input\":{\"@type\":\"PropertyValueSpecification\",\"valueRequired\":true,\"valueName\":\"search_term_string\"}}],\"inLanguage\":\"de-DE\"}]}<\/script>\n<!-- \/ Yoast SEO plugin. -->","yoast_head_json":{"title":"Datenschutzpolitik - TRI Europe","robots":{"index":"index","follow":"follow","max-snippet":"max-snippet:-1","max-image-preview":"max-image-preview:large","max-video-preview":"max-video-preview:-1"},"canonical":"https:\/\/tri-europe.com\/de\/datenschutzpolitik\/","og_locale":"de_DE","og_type":"article","og_title":"Datenschutzpolitik - TRI Europe","og_description":"Datenschutzpolitik Homepage Datenschutzpolitik Diese Richtlinie enth\u00e4lt grundlegende Informationen \u00fcber den Zweck, die Art und Weise der Verarbeitung und die Sicherheit Ihrer personenbezogenen Daten als Nutzer der Website: www.tri-europe.com (im Folgenden &#8222;die Website&#8220; genannt). Durch die Lekt\u00fcre der Datenschutzrichtlinie erfahren Sie, wer der f\u00fcr Ihre personenbezogenen Daten Verantwortliche ist, welche personenbezogenen Daten von der Website erfasst [&hellip;]","og_url":"https:\/\/tri-europe.com\/de\/datenschutzpolitik\/","og_site_name":"TRI Europe","article_modified_time":"2024-10-16T13:16:34+00:00","twitter_card":"summary_large_image","twitter_misc":{"Gesch\u00e4tzte Lesezeit":"7 Minuten"},"schema":{"@context":"https:\/\/schema.org","@graph":[{"@type":"WebPage","@id":"https:\/\/tri-europe.com\/de\/datenschutzpolitik\/","url":"https:\/\/tri-europe.com\/de\/datenschutzpolitik\/","name":"Datenschutzpolitik - TRI Europe","isPartOf":{"@id":"https:\/\/tri-europe.com\/de\/#website"},"datePublished":"2024-10-16T10:46:21+00:00","dateModified":"2024-10-16T13:16:34+00:00","breadcrumb":{"@id":"https:\/\/tri-europe.com\/de\/datenschutzpolitik\/#breadcrumb"},"inLanguage":"de-DE","potentialAction":[{"@type":"ReadAction","target":["https:\/\/tri-europe.com\/de\/datenschutzpolitik\/"]}]},{"@type":"BreadcrumbList","@id":"https:\/\/tri-europe.com\/de\/datenschutzpolitik\/#breadcrumb","itemListElement":[{"@type":"ListItem","position":1,"name":"Strona g\u0142\u00f3wna","item":"https:\/\/tri-europe.com\/de\/"},{"@type":"ListItem","position":2,"name":"Datenschutzpolitik"}]},{"@type":"WebSite","@id":"https:\/\/tri-europe.com\/de\/#website","url":"https:\/\/tri-europe.com\/de\/","name":"TRI Europe","description":"Badania geosyntetyk\u00f3w","potentialAction":[{"@type":"SearchAction","target":{"@type":"EntryPoint","urlTemplate":"https:\/\/tri-europe.com\/de\/?s={search_term_string}"},"query-input":{"@type":"PropertyValueSpecification","valueRequired":true,"valueName":"search_term_string"}}],"inLanguage":"de-DE"}]}},"_links":{"self":[{"href":"https:\/\/tri-europe.com\/de\/wp-json\/wp\/v2\/pages\/2184","targetHints":{"allow":["GET"]}}],"collection":[{"href":"https:\/\/tri-europe.com\/de\/wp-json\/wp\/v2\/pages"}],"about":[{"href":"https:\/\/tri-europe.com\/de\/wp-json\/wp\/v2\/types\/page"}],"author":[{"embeddable":true,"href":"https:\/\/tri-europe.com\/de\/wp-json\/wp\/v2\/users\/1"}],"replies":[{"embeddable":true,"href":"https:\/\/tri-europe.com\/de\/wp-json\/wp\/v2\/comments?post=2184"}],"version-history":[{"count":0,"href":"https:\/\/tri-europe.com\/de\/wp-json\/wp\/v2\/pages\/2184\/revisions"}],"wp:attachment":[{"href":"https:\/\/tri-europe.com\/de\/wp-json\/wp\/v2\/media?parent=2184"}],"curies":[{"name":"wp","href":"https:\/\/api.w.org\/{rel}","templated":true}]}}