{"id":1998,"date":"2024-10-16T10:46:21","date_gmt":"2024-10-16T10:46:21","guid":{"rendered":"https:\/\/tri-europe.com\/?page_id=1998"},"modified":"2024-10-16T12:56:06","modified_gmt":"2024-10-16T12:56:06","slug":"polityka-prywatnosci","status":"publish","type":"page","link":"https:\/\/tri-europe.com\/pl\/polityka-prywatnosci\/","title":{"rendered":"Polityka prywatno\u015bci"},"content":{"rendered":"\t\t<div data-elementor-type=\"wp-post\" data-elementor-id=\"1998\" class=\"elementor elementor-1998\">\n\t\t\t\t\t\t<section class=\"elementor-section elementor-top-section elementor-element elementor-element-a5a354a elementor-section-full_width elementor-section-height-default elementor-section-height-default\" data-id=\"a5a354a\" data-element_type=\"section\" data-e-type=\"section\">\n\t\t\t\t\t\t<div class=\"elementor-container elementor-column-gap-default\">\n\t\t\t\t\t<div class=\"elementor-column elementor-col-100 elementor-top-column elementor-element elementor-element-faaa44e\" data-id=\"faaa44e\" data-element_type=\"column\" data-e-type=\"column\">\n\t\t\t<div class=\"elementor-widget-wrap elementor-element-populated\">\n\t\t\t\t\t\t<div class=\"elementor-element elementor-element-cdfb912 elementor-align-left elementor-widget elementor-widget-bdevs-banner\" data-id=\"cdfb912\" data-element_type=\"widget\" data-e-type=\"widget\" data-widget_type=\"bdevs-banner.default\">\n\t\t\t\t<div class=\"elementor-widget-container\">\n\t\t\t\t\t\n\t\t<section class=\"page-title-section\" style=\"background-image: url(http:\/\/tri-europe.com\/wp-content\/uploads\/2024\/09\/slide-slim-7.jpg);\">\n\n\t\t\t<div class=\"container\">\n\n\t\t\t\t<div class=\"row\">\n\n\t\t\t\t\t<div class=\"col-xl-12 text-center\">\n\n\t\t\t\t\t\t<h2 class=\"text-uppercase text-white mrb-10\">Polityka prywatno\u015bci<\/h2>\n\n\t\t\t\t\t\t\n\t\t\t\t\t\t<ul class=\"mb-0 justify-content-center\">\n\n\t\t\t\t\t\t\t<li class=\"breadcrumb-item\"><a href=\"https:\/\/tri-europe.com\/pl\/\" class=\"text-white\">Strona g\u0142\u00f3wna<\/a><\/li>\n\n\t\t\t\t\t\t\t<li class=\"breadcrumb-item text-primary-color\">Polityka Prywatno\u015bci<\/li>\n\n\t\t\t\t\t\t<\/ul>\n\n\t\t\t\t\t\t\n\t\t\t\t\t<\/div>\n\n\t\t\t\t<\/div>\n\n\t\t\t<\/div>\n\n\t\t<\/section>\n\n\t\t\t\t\t<\/div>\n\t\t\t\t<\/div>\n\t\t\t\t\t<\/div>\n\t\t<\/div>\n\t\t\t\t\t<\/div>\n\t\t<\/section>\n\t\t<div class=\"elementor-element elementor-element-01a1b65 e-flex e-con-boxed e-con e-parent\" data-id=\"01a1b65\" data-element_type=\"container\" data-e-type=\"container\">\n\t\t\t\t\t<div class=\"e-con-inner\">\n\t\t<div class=\"elementor-element elementor-element-0f1e5a7 e-con-full e-flex e-con e-child\" data-id=\"0f1e5a7\" data-element_type=\"container\" data-e-type=\"container\">\n\t\t\t\t<div class=\"elementor-element elementor-element-dd346c5 elementor-widget elementor-widget-text-editor\" data-id=\"dd346c5\" data-element_type=\"widget\" data-e-type=\"widget\" data-widget_type=\"text-editor.default\">\n\t\t\t\t<div class=\"elementor-widget-container\">\n\t\t\t\t\t\t\t\t\tNiniejsza Polityka stanowi podstawow\u0105 informacj\u0119 o celach, sposobach przetwarzania oraz bezpiecze\u0144stwie Twoich danych osobowych, jako u\u017cytkownika strony: www.tri-europe.com (zwanej dalej Stron\u0105). Zapoznaj\u0105c si\u0119 z Polityk\u0105 prywatno\u015bci dowiesz si\u0119 kto jest administratorem Twoich danych osobowych, jakie dane osobowe s\u0105 przez Stron\u0119 zbierane, w jakich celach s\u0105 wykorzystywane oraz jak s\u0105 chronione.\t\t\t\t\t\t\t\t<\/div>\n\t\t\t\t<\/div>\n\t\t\t\t<div class=\"elementor-element elementor-element-edf8b2d elementor-widget elementor-widget-heading\" data-id=\"edf8b2d\" data-element_type=\"widget\" data-e-type=\"widget\" data-widget_type=\"heading.default\">\n\t\t\t\t<div class=\"elementor-widget-container\">\n\t\t\t\t\t<h3 class=\"elementor-heading-title elementor-size-default\">\u00a71. Informacje podstawowe.<\/h3>\t\t\t\t<\/div>\n\t\t\t\t<\/div>\n\t\t\t\t<div class=\"elementor-element elementor-element-3fc580e main-content elementor-widget elementor-widget-text-editor\" data-id=\"3fc580e\" data-element_type=\"widget\" data-e-type=\"widget\" data-widget_type=\"text-editor.default\">\n\t\t\t\t<div class=\"elementor-widget-container\">\n\t\t\t\t\t\t\t\t\t<ol>\n \t<li>Administratorem Twoich danych osobowych jest: TRI Europe Sp. z o.o., Zarzewie 12, 05-830 Nadarzyn, Polska<\/li>\n \t<li>Kontakt z Administratorem jest mo\u017cliwy za po\u015brednictwem:\n<ol>\n \t<li>poczty e-mail: europe@tri-env.com<\/li>\n \t<li>telefonicznie: +48 22 2997656<\/li>\n<\/ol><\/li>\n<\/ol>\t\t\t\t\t\t\t\t<\/div>\n\t\t\t\t<\/div>\n\t\t\t\t<div class=\"elementor-element elementor-element-4a0f0ec elementor-widget elementor-widget-heading\" data-id=\"4a0f0ec\" data-element_type=\"widget\" data-e-type=\"widget\" data-widget_type=\"heading.default\">\n\t\t\t\t<div class=\"elementor-widget-container\">\n\t\t\t\t\t<h3 class=\"elementor-heading-title elementor-size-default\">\u00a72. Zasady przetwarzania danych.<\/h3>\t\t\t\t<\/div>\n\t\t\t\t<\/div>\n\t\t\t\t<div class=\"elementor-element elementor-element-7560cd1 main-content elementor-widget elementor-widget-text-editor\" data-id=\"7560cd1\" data-element_type=\"widget\" data-e-type=\"widget\" data-widget_type=\"text-editor.default\">\n\t\t\t\t<div class=\"elementor-widget-container\">\n\t\t\t\t\t\t\t\t\t<ol>\n \t<li>Administrator przetwarza dane osobowe z poszanowaniem nast\u0119puj\u0105cych zasad:\n\n<ol>\n \t<li>w oparciu o podstaw\u0119 prawn\u0105 i zgodnie z prawem (legalizm);<\/li>\n \t<li>rzetelnie i uczciwie (rzetelno\u015b\u0107);<\/li>\n<li>w spos\u00f3b przejrzysty dla osoby, kt\u00f3rej dane dotycz\u0105 (transparentno\u015b\u0107);<\/li>\n<li>w konkretnych celach i nie \u201ena zapas\u201d (minimalizacja);<\/li>\n<li>nie wi\u0119cej ni\u017c potrzeba (adekwatno\u015b\u0107);<\/li>\n<li>z dba\u0142o\u015bci\u0105 o prawid\u0142owo\u015b\u0107 danych (prawid\u0142owo\u015b\u0107);<\/li>\n<li>nie d\u0142u\u017cej ni\u017c potrzeba (czasowo\u015b\u0107);<\/li>\n<li>zapewniaj\u0105c odpowiednie bezpiecze\u0144stwo danych (bezpiecze\u0144stwo).<\/li>\n<\/ol>\n<\/li>\n<\/ol>\t\t\t\t\t\t\t\t<\/div>\n\t\t\t\t<\/div>\n\t\t\t\t<div class=\"elementor-element elementor-element-ac32786 elementor-widget elementor-widget-heading\" data-id=\"ac32786\" data-element_type=\"widget\" data-e-type=\"widget\" data-widget_type=\"heading.default\">\n\t\t\t\t<div class=\"elementor-widget-container\">\n\t\t\t\t\t<h3 class=\"elementor-heading-title elementor-size-default\">\u00a73. Cele, podstawy prawne i zakres przetwarzania danych. <\/h3>\t\t\t\t<\/div>\n\t\t\t\t<\/div>\n\t\t\t\t<div class=\"elementor-element elementor-element-fcadebd main-content elementor-widget elementor-widget-text-editor\" data-id=\"fcadebd\" data-element_type=\"widget\" data-e-type=\"widget\" data-widget_type=\"text-editor.default\">\n\t\t\t\t<div class=\"elementor-widget-container\">\n\t\t\t\t\t\t\t\t\t<ol>\n\t<li>Twoje dane b\u0119dziemy przetwarza\u0107:\n\t\t<ol>\n\t\t\t<li>w celach kontaktowych, aby udzieli\u0107 Ci odpowiedzi na Twoj\u0105 wiadomo\u015b\u0107 przes\u0142an\u0105 nam bezpo\u015brednio drog\u0105 e-mailow\u0105 lub w odpowiedzi na kontakt telefoniczny na podstawie realizacji prawnie uzasadnionego interesu Administratora zwi\u0105zanego z konieczno\u015bci\u0105 udzielenia Ci odpowiedzi;<\/li>\n\t\t\t<li>w celach marketingowych, wy\u0142\u0105cznie na podstawie udzielonej przez Ciebie zgody;<\/li>\n\t\t\t<li>w celach informacyjnych, aby przekazywa\u0107 Ci wa\u017cne informacje dotycz\u0105ce us\u0142ug, z kt\u00f3rych korzystasz za po\u015brednictwem naszej Strony;<\/li>\n\t\t\t<li>w celach technicznych przy u\u017cyciu plik\u00f3w cookies (ciasteczka techniczne), na podstawie realizacji prawnie uzasadnionego interesu Administratora, zwi\u0105zanego z prawid\u0142owym dzia\u0142aniem i funkcjonowaniem Strony;<\/li>\n\t\t\t<li>w celach statystycznych i analitycznych, je\u015bli wyrazi\u0142e\u015b zgod\u0119 na wykorzystanie przez nas plik\u00f3w cookies do cel\u00f3w analitycznych (ciasteczka analityczne);<\/li>\n\t\t\t<li>w celach marketingowych, je\u015bli wyrazi\u0142e\u015b zgod\u0119 na wykorzystanie przez nas plik\u00f3w cookies do cel\u00f3w marketingowych (ciasteczka marketingowe);<\/li>\n\t\t\t<li>w celach archiwizacji numer\u00f3w telefon\u00f3w, wiadomo\u015bci, e-maili, na podstawie realizacji prawnie uzasadnionego interesu Administratora, zwi\u0105zanego z ochron\u0105 przed roszczeniami;<\/li>\n\t\t\t<li>w celu analizy informacji anonimowych. To informacje gromadzone za po\u015brednictwem naszej Strony, takie jak: informacje o przegl\u0105darce, systemie operacyjnym, urz\u0105dzeniu, czasie sp\u0119dzonym na stronie, przej\u015bciach mi\u0119dzy stronami, klikni\u0119ciach w linki, przybli\u017cona lokalizacja, przedzia\u0142 wieku, p\u0142e\u0107. Informacje te s\u0105 zanonimizowane, s\u0105 zbierane za po\u015brednictwem system\u00f3w reklamowych i analitycznych naszych partner\u00f3w. Nie pozwalaj\u0105 na identyfikacj\u0119 i przypisanie ich do konkretnego u\u017cytkownika. Informacje te s\u0142u\u017c\u0105 nam do dzia\u0142a\u0144 marketingowych, analitycznych i statystycznych.<\/li>\t\n\t\t<\/ol>\n\t<\/li>\n\t<li>Przetwarzamy Twoje dane w zakresie:\n\t\t<ol>\n\t\t\t<li>je\u015bli prze\u015blesz nam wiadomo\u015b\u0107 drog\u0105 mailow\u0105 lub przeka\u017cesz informacje drog\u0105 telefoniczn\u0105, to b\u0119dziemy przetwarza\u0107 dane, kt\u00f3re b\u0119d\u0105 w tej wiadomo\u015bci zawarte. Przekazanie nam danych w ten spos\u00f3b nast\u0119puje dobrowolnie. W ka\u017cdym czasie mo\u017cesz zwr\u00f3ci\u0107 si\u0119 do nas z pro\u015bb\u0105, o usuni\u0119cie tych danych;<\/li>\n\t\t\t<li>pozosta\u0142e dane, kt\u00f3re przetwarzamy to adres IP i inne dane zapisywane w plikach cookies. To Ty decydujesz, w jakim zakresie b\u0119dziemy mogli wykorzysta\u0107 pliki cookies z Twoimi danymi. Przekazanie nam danych w ten spos\u00f3b nast\u0119puje dobrowolnie. W ka\u017cdym czasie mo\u017cesz zmieni\u0107 swoje preferencje. Mo\u017cesz to zrobi\u0107 w swojej przegl\u0105darce internetowej lub te\u017c po usuni\u0119ciu zapisanych plik\u00f3w cookies pochodz\u0105cych z naszej Strony;<\/li>\n\t\t<\/ol>\n\t<\/li>\n<\/ol>\t\t\t\t\t\t\t\t<\/div>\n\t\t\t\t<\/div>\n\t\t\t\t<div class=\"elementor-element elementor-element-4dc16fa elementor-widget elementor-widget-heading\" data-id=\"4dc16fa\" data-element_type=\"widget\" data-e-type=\"widget\" data-widget_type=\"heading.default\">\n\t\t\t\t<div class=\"elementor-widget-container\">\n\t\t\t\t\t<h3 class=\"elementor-heading-title elementor-size-default\">\u00a74. Na Stronie nie dokonujemy automatycznego profilowania.<\/h3>\t\t\t\t<\/div>\n\t\t\t\t<\/div>\n\t\t\t\t<div class=\"elementor-element elementor-element-e206332 main-content elementor-widget elementor-widget-text-editor\" data-id=\"e206332\" data-element_type=\"widget\" data-e-type=\"widget\" data-widget_type=\"text-editor.default\">\n\t\t\t\t<div class=\"elementor-widget-container\">\n\t\t\t\t\t\t\t\t\t<ol>\n\t<li>Na Stronie nie korzystamy z automatycznego profilowania, w celu tworzenia kampanii marketingowych w oparciu o mierzenie aktywno\u015bci u\u017cytkownika, dzi\u0119ki kt\u00f3remu byliby\u015bmy w stanie skierowa\u0107 wybrany przez nas materia\u0142 reklamowy do precyzyjnie wskazanego u\u017cytkownika.<\/li>\n\t<li>Cho\u0107 korzystamy z system\u00f3w reklamowych naszych partner\u00f3w (Google) to informacje i dane, kt\u00f3re pozyskuj\u0105 na temat Twojej aktywno\u015bci na Stronie, na podstawie kt\u00f3rych mo\u017cemy tworzy\u0107 kampanie marketingowe, nie s\u0105 profilowaniem automatycznym, poniewa\u017c na ich podstawie nie jeste\u015bmy w stanie podj\u0105\u0107 decyzji w stosunku do Ciebie, jako do konkretnego u\u017cytkownika (np. pokazanie Ci konkretnej reklamy). Reklamy mo\u017cemy tworzy\u0107 wy\u0142\u0105cznie dla grup u\u017cytkownik\u00f3w, w oparciu o og\u00f3lne dane statystyczne dostarczone przez partner\u00f3w. Nie jeste\u015bmy w stanie sprawi\u0107, by na podstawie danych dotycz\u0105cych aktywno\u015bci, konkretny u\u017cytkownik zobaczy\u0142 wybran\u0105 przez nas reklam\u0119.<\/li>\n\t<li>Wi\u0119cej informacji o tym jak nasi partnerzy dokonuj\u0105 profilowania u\u017cytkownik\u00f3w i tworz\u0105 grupy odbiorc\u00f3w znajdziesz w ich politykach prywatno\u015bci w paragrafie ni\u017cej.<\/li>\n<\/ol>\t\t\t\t\t\t\t\t<\/div>\n\t\t\t\t<\/div>\n\t\t\t\t<div class=\"elementor-element elementor-element-518bffa elementor-widget elementor-widget-heading\" data-id=\"518bffa\" data-element_type=\"widget\" data-e-type=\"widget\" data-widget_type=\"heading.default\">\n\t\t\t\t<div class=\"elementor-widget-container\">\n\t\t\t\t\t<h3 class=\"elementor-heading-title elementor-size-default\">\u00a75. Odbiorcy danych oraz zamiar przekazywania danych\ndo Pa\u0144stwa spoza EOG lub organizacji mi\u0119dzynarodowej.<\/h3>\t\t\t\t<\/div>\n\t\t\t\t<\/div>\n\t\t\t\t<div class=\"elementor-element elementor-element-a540de0 main-content elementor-widget elementor-widget-text-editor\" data-id=\"a540de0\" data-element_type=\"widget\" data-e-type=\"widget\" data-widget_type=\"text-editor.default\">\n\t\t\t\t<div class=\"elementor-widget-container\">\n\t\t\t\t\t\t\t\t\t<ol>\n\t<li>W zale\u017cno\u015bci od celu w jakim przetwarzamy Twoje dane, odbiorcami Twoich danych osobowych mog\u0105 by\u0107:\n\t\t<ol>\n\t\t\t<li>urz\u0119dy pa\u0144stwowe i inne instytucje publiczne, w zakresie, w jakim obowi\u0105zki przekazywania danych wynikaj\u0105 z przepis\u00f3w prawa obowi\u0105zuj\u0105cego na terytorium Rzeczypospolitej Polskiej, w celach zwi\u0105zanych z realizacj\u0105 obowi\u0105zk\u00f3w prawnych ci\u0105\u017c\u0105cych na administratorze, takich jak dochodzenie roszcze\u0144 prawnych, realizacja zobowi\u0105za\u0144 podatkowych oraz inne post\u0119powania regulowane przez odpowiednie przepisy prawa;<\/li>\n\t\t\t<li>dostawca oprogramowania Strony (hosting, serwer, domena);<\/li>\n\t\t\t<li>podmiot zajmuj\u0105cy si\u0119 obs\u0142ug\u0105 programistyczn\u0105 Strony;<\/li>\n\t\t\t<li>podmiot zajmuj\u0105cy si\u0119 obs\u0142ug\u0105 marketingow\u0105 Strony;<\/li>\n\t\t\t<li>dostawca oprogramowania do przechowywania danych i dokument\u00f3w w chmurze;<\/li>\n\t\t\t<li>dostawca oprogramowania do zarz\u0105dzania ciasteczkami i zakresem przetwarzanych danych;<\/li>\n\t\t\t<li>je\u015bli wyrazi\u0142e\u015b zgod\u0119 na ciasteczka marketingowe, Twoje dane zapisane w plikach cookies, b\u0119d\u0105 przekazane do naszych partner\u00f3w reklamowych (Google);<\/li>\n\t\t\t<li>je\u015bli wyrazi\u0142e\u015b zgod\u0119 na ciasteczka analityczne, Twoje dane zapisane w plikach cookies, b\u0119d\u0105 przetwarzane przez podmiot dostarczaj\u0105cy oprogramowanie do analizy ruchu na naszej Stronie (np. Google Analytics). <\/li>\n\t\t<\/ol>\n\t<\/li>\n\t<li>Twoje dane nie s\u0105 przekazywane do Pa\u0144stw spoza EOG lub organizacji mi\u0119dzynarodowych, za wyj\u0105tkiem przypadk\u00f3w przetwarzania danych przez podmioty:\n\t\t<ol>\n\t\t\t<li>Google Inc. z siedzib\u0105 w USA w zakresie analityki ruchu na stronie w systemie Google Analytics oraz dostarczania dodatkowych funkcji (takich jak Google Maps, Google Search Console) zwi\u0105zanych z prawid\u0142owym funkcjonowaniem Strony oraz wy\u015bwietlaniem wynik\u00f3w wyszukiwania. Zobacz jak Google przetwarza i chroni Twoje dane. Ten dodatek do przegl\u0105darki umo\u017cliwi Ci zarz\u0105dzanie zakresem i poziomem dost\u0119pu do danych zbieranych przez Google Analytics;<\/li>\n\t\t\t<li>Google Inc. z siedzib\u0105 w USA w zakresie reklam i mierzenia ich skuteczno\u015bci w systemie Google Ads. Zobacz jak Google przetwarza i chroni Twoje dane;<\/li>\n\t\t<\/ol>\n\t<\/li>\n\n<\/ol>\t\t\t\t\t\t\t\t<\/div>\n\t\t\t\t<\/div>\n\t\t\t\t<div class=\"elementor-element elementor-element-9029b76 elementor-widget elementor-widget-heading\" data-id=\"9029b76\" data-element_type=\"widget\" data-e-type=\"widget\" data-widget_type=\"heading.default\">\n\t\t\t\t<div class=\"elementor-widget-container\">\n\t\t\t\t\t<h3 class=\"elementor-heading-title elementor-size-default\">\u00a76. Termin przechowywania danych.<\/h3>\t\t\t\t<\/div>\n\t\t\t\t<\/div>\n\t\t\t\t<div class=\"elementor-element elementor-element-da30e55 main-content elementor-widget elementor-widget-text-editor\" data-id=\"da30e55\" data-element_type=\"widget\" data-e-type=\"widget\" data-widget_type=\"text-editor.default\">\n\t\t\t\t<div class=\"elementor-widget-container\">\n\t\t\t\t\t\t\t\t\t<ol>\n\t<li>Nie jeste\u015bmy w stanie okre\u015bli\u0107 jednego okresu przez kt\u00f3ry b\u0119dziemy przetwarza\u0107 Twoje dane.<\/li>\n\t<li>Je\u015bli przekaza\u0142e\u015b nam swoje dane w wiadomo\u015bci przes\u0142anej drog\u0105 mailow\u0105 lub telefonicznie, to Twoje dane b\u0119dziemy przetwarza\u0107 do momentu z\u0142o\u017cenia przez Ciebie \u017c\u0105dania usuni\u0119cia tych danych lub sprzeciwu wobec przetwarzania, ale r\u00f3wnie\u017c w przypadku, w kt\u00f3rym uznamy, \u017ce zrealizowali\u015bmy prawnie uzasadniony interes Administratora. <\/li>\n<\/ol>\t\t\t\t\t\t\t\t<\/div>\n\t\t\t\t<\/div>\n\t\t\t\t<div class=\"elementor-element elementor-element-89794f7 elementor-widget elementor-widget-heading\" data-id=\"89794f7\" data-element_type=\"widget\" data-e-type=\"widget\" data-widget_type=\"heading.default\">\n\t\t\t\t<div class=\"elementor-widget-container\">\n\t\t\t\t\t<h3 class=\"elementor-heading-title elementor-size-default\">\u00a77. Prawa u\u017cytkownik\u00f3w.<\/h3>\t\t\t\t<\/div>\n\t\t\t\t<\/div>\n\t\t\t\t<div class=\"elementor-element elementor-element-0b69ede main-content elementor-widget elementor-widget-text-editor\" data-id=\"0b69ede\" data-element_type=\"widget\" data-e-type=\"widget\" data-widget_type=\"text-editor.default\">\n\t\t\t\t<div class=\"elementor-widget-container\">\n\t\t\t\t\t\t\t\t\t<ol>\n\t<li>W zwi\u0105zku z przetwarzaniem Twoich danych przys\u0142uguj\u0105 Ci nast\u0119puj\u0105ce prawa:\n\t\t<ol>\n\t\t\t<li>dost\u0119pu do tre\u015bci swoich danych oraz prawo ich sprostowania, usuni\u0119cia, ograniczenia przetwarzania;<\/li>\n\t\t\t<li>prawo do przenoszenia danych;<\/li>\n\t\t\t<li>prawo wniesienia sprzeciwu;<\/li>\n\t\t\t<li>prawo do cofni\u0119cia zgody na ich przetwarzanie w dowolnym momencie i w dowolnej formie, chyba \u017ce przetwarzanie danych odbywa si\u0119 w celu wykonywania umowy przez Administratora, w celu wywi\u0105zania si\u0119 przez Administratora z obowi\u0105zk\u00f3w prawnych wzgl\u0119dem instytucji pa\u0144stwowych lub w celu realizacji prawnie uzasadnionych interes\u00f3w Administratora.<\/li>\n\t\t<\/ol>\n\t<\/li>\n\t<li>Masz tak\u017ce prawo wniesienia skargi do Prezesa Urz\u0119du Ochrony Danych Osobowych (na adres Urz\u0119du Ochrony Danych Osobowych, ul. Stawki 2, 00-193 Warszawa).<\/li>\n\t<li>Wi\u0119cej informacji w przedmiocie ochrony danych osobowych, znajdziesz na stronie internetowej Urz\u0119du Ochrony Danych Osobowych: www.uodo.gov.pl<\/li>\n<\/ol>\t\t\t\t\t\t\t\t<\/div>\n\t\t\t\t<\/div>\n\t\t\t\t<\/div>\n\t\t\t\t\t<\/div>\n\t\t\t\t<\/div>\n\t\t\t\t<\/div>\n\t\t","protected":false},"excerpt":{"rendered":"<p>Polityka prywatno\u015bci Strona g\u0142\u00f3wna Polityka Prywatno\u015bci Niniejsza Polityka stanowi podstawow\u0105 informacj\u0119 o celach, sposobach przetwarzania oraz bezpiecze\u0144stwie Twoich danych osobowych, jako u\u017cytkownika strony: www.tri-europe.com (zwanej dalej Stron\u0105). Zapoznaj\u0105c si\u0119 z Polityk\u0105 prywatno\u015bci dowiesz si\u0119 kto jest administratorem Twoich danych osobowych, jakie dane osobowe s\u0105 przez Stron\u0119 zbierane, w jakich celach s\u0105 wykorzystywane oraz jak s\u0105 [&hellip;]<\/p>\n","protected":false},"author":1,"featured_media":0,"parent":0,"menu_order":0,"comment_status":"closed","ping_status":"closed","template":"page-templates\/home.php","meta":{"inline_featured_image":false,"footnotes":""},"class_list":["post-1998","page","type-page","status-publish","hentry"],"yoast_head":"<!-- This site is optimized with the Yoast SEO plugin v27.4 - https:\/\/yoast.com\/product\/yoast-seo-wordpress\/ -->\n<title>Polityka prywatno\u015bci - TRI Europe<\/title>\n<meta name=\"robots\" content=\"index, follow, max-snippet:-1, max-image-preview:large, max-video-preview:-1\" \/>\n<link rel=\"canonical\" href=\"https:\/\/tri-europe.com\/pl\/polityka-prywatnosci\/\" \/>\n<meta property=\"og:locale\" content=\"pl_PL\" \/>\n<meta property=\"og:type\" content=\"article\" \/>\n<meta property=\"og:title\" content=\"Polityka prywatno\u015bci - TRI Europe\" \/>\n<meta property=\"og:description\" content=\"Polityka prywatno\u015bci Strona g\u0142\u00f3wna Polityka Prywatno\u015bci Niniejsza Polityka stanowi podstawow\u0105 informacj\u0119 o celach, sposobach przetwarzania oraz bezpiecze\u0144stwie Twoich danych osobowych, jako u\u017cytkownika strony: www.tri-europe.com (zwanej dalej Stron\u0105). Zapoznaj\u0105c si\u0119 z Polityk\u0105 prywatno\u015bci dowiesz si\u0119 kto jest administratorem Twoich danych osobowych, jakie dane osobowe s\u0105 przez Stron\u0119 zbierane, w jakich celach s\u0105 wykorzystywane oraz jak s\u0105 [&hellip;]\" \/>\n<meta property=\"og:url\" content=\"https:\/\/tri-europe.com\/pl\/polityka-prywatnosci\/\" \/>\n<meta property=\"og:site_name\" content=\"TRI Europe\" \/>\n<meta property=\"article:modified_time\" content=\"2024-10-16T12:56:06+00:00\" \/>\n<meta name=\"twitter:card\" content=\"summary_large_image\" \/>\n<meta name=\"twitter:label1\" content=\"Szacowany czas czytania\" \/>\n\t<meta name=\"twitter:data1\" content=\"7 minut\" \/>\n<script type=\"application\/ld+json\" class=\"yoast-schema-graph\">{\"@context\":\"https:\\\/\\\/schema.org\",\"@graph\":[{\"@type\":\"WebPage\",\"@id\":\"https:\\\/\\\/tri-europe.com\\\/pl\\\/polityka-prywatnosci\\\/\",\"url\":\"https:\\\/\\\/tri-europe.com\\\/pl\\\/polityka-prywatnosci\\\/\",\"name\":\"Polityka prywatno\u015bci - TRI Europe\",\"isPartOf\":{\"@id\":\"https:\\\/\\\/tri-europe.com\\\/pl\\\/#website\"},\"datePublished\":\"2024-10-16T10:46:21+00:00\",\"dateModified\":\"2024-10-16T12:56:06+00:00\",\"breadcrumb\":{\"@id\":\"https:\\\/\\\/tri-europe.com\\\/pl\\\/polityka-prywatnosci\\\/#breadcrumb\"},\"inLanguage\":\"pl-PL\",\"potentialAction\":[{\"@type\":\"ReadAction\",\"target\":[\"https:\\\/\\\/tri-europe.com\\\/pl\\\/polityka-prywatnosci\\\/\"]}]},{\"@type\":\"BreadcrumbList\",\"@id\":\"https:\\\/\\\/tri-europe.com\\\/pl\\\/polityka-prywatnosci\\\/#breadcrumb\",\"itemListElement\":[{\"@type\":\"ListItem\",\"position\":1,\"name\":\"Strona g\u0142\u00f3wna\",\"item\":\"https:\\\/\\\/tri-europe.com\\\/pl\\\/\"},{\"@type\":\"ListItem\",\"position\":2,\"name\":\"Polityka prywatno\u015bci\"}]},{\"@type\":\"WebSite\",\"@id\":\"https:\\\/\\\/tri-europe.com\\\/pl\\\/#website\",\"url\":\"https:\\\/\\\/tri-europe.com\\\/pl\\\/\",\"name\":\"TRI Europe\",\"description\":\"Badania geosyntetyk\u00f3w\",\"potentialAction\":[{\"@type\":\"SearchAction\",\"target\":{\"@type\":\"EntryPoint\",\"urlTemplate\":\"https:\\\/\\\/tri-europe.com\\\/pl\\\/?s={search_term_string}\"},\"query-input\":{\"@type\":\"PropertyValueSpecification\",\"valueRequired\":true,\"valueName\":\"search_term_string\"}}],\"inLanguage\":\"pl-PL\"}]}<\/script>\n<!-- \/ Yoast SEO plugin. -->","yoast_head_json":{"title":"Polityka prywatno\u015bci - TRI Europe","robots":{"index":"index","follow":"follow","max-snippet":"max-snippet:-1","max-image-preview":"max-image-preview:large","max-video-preview":"max-video-preview:-1"},"canonical":"https:\/\/tri-europe.com\/pl\/polityka-prywatnosci\/","og_locale":"pl_PL","og_type":"article","og_title":"Polityka prywatno\u015bci - TRI Europe","og_description":"Polityka prywatno\u015bci Strona g\u0142\u00f3wna Polityka Prywatno\u015bci Niniejsza Polityka stanowi podstawow\u0105 informacj\u0119 o celach, sposobach przetwarzania oraz bezpiecze\u0144stwie Twoich danych osobowych, jako u\u017cytkownika strony: www.tri-europe.com (zwanej dalej Stron\u0105). Zapoznaj\u0105c si\u0119 z Polityk\u0105 prywatno\u015bci dowiesz si\u0119 kto jest administratorem Twoich danych osobowych, jakie dane osobowe s\u0105 przez Stron\u0119 zbierane, w jakich celach s\u0105 wykorzystywane oraz jak s\u0105 [&hellip;]","og_url":"https:\/\/tri-europe.com\/pl\/polityka-prywatnosci\/","og_site_name":"TRI Europe","article_modified_time":"2024-10-16T12:56:06+00:00","twitter_card":"summary_large_image","twitter_misc":{"Szacowany czas czytania":"7 minut"},"schema":{"@context":"https:\/\/schema.org","@graph":[{"@type":"WebPage","@id":"https:\/\/tri-europe.com\/pl\/polityka-prywatnosci\/","url":"https:\/\/tri-europe.com\/pl\/polityka-prywatnosci\/","name":"Polityka prywatno\u015bci - TRI Europe","isPartOf":{"@id":"https:\/\/tri-europe.com\/pl\/#website"},"datePublished":"2024-10-16T10:46:21+00:00","dateModified":"2024-10-16T12:56:06+00:00","breadcrumb":{"@id":"https:\/\/tri-europe.com\/pl\/polityka-prywatnosci\/#breadcrumb"},"inLanguage":"pl-PL","potentialAction":[{"@type":"ReadAction","target":["https:\/\/tri-europe.com\/pl\/polityka-prywatnosci\/"]}]},{"@type":"BreadcrumbList","@id":"https:\/\/tri-europe.com\/pl\/polityka-prywatnosci\/#breadcrumb","itemListElement":[{"@type":"ListItem","position":1,"name":"Strona g\u0142\u00f3wna","item":"https:\/\/tri-europe.com\/pl\/"},{"@type":"ListItem","position":2,"name":"Polityka prywatno\u015bci"}]},{"@type":"WebSite","@id":"https:\/\/tri-europe.com\/pl\/#website","url":"https:\/\/tri-europe.com\/pl\/","name":"TRI Europe","description":"Badania geosyntetyk\u00f3w","potentialAction":[{"@type":"SearchAction","target":{"@type":"EntryPoint","urlTemplate":"https:\/\/tri-europe.com\/pl\/?s={search_term_string}"},"query-input":{"@type":"PropertyValueSpecification","valueRequired":true,"valueName":"search_term_string"}}],"inLanguage":"pl-PL"}]}},"_links":{"self":[{"href":"https:\/\/tri-europe.com\/pl\/wp-json\/wp\/v2\/pages\/1998","targetHints":{"allow":["GET"]}}],"collection":[{"href":"https:\/\/tri-europe.com\/pl\/wp-json\/wp\/v2\/pages"}],"about":[{"href":"https:\/\/tri-europe.com\/pl\/wp-json\/wp\/v2\/types\/page"}],"author":[{"embeddable":true,"href":"https:\/\/tri-europe.com\/pl\/wp-json\/wp\/v2\/users\/1"}],"replies":[{"embeddable":true,"href":"https:\/\/tri-europe.com\/pl\/wp-json\/wp\/v2\/comments?post=1998"}],"version-history":[{"count":0,"href":"https:\/\/tri-europe.com\/pl\/wp-json\/wp\/v2\/pages\/1998\/revisions"}],"wp:attachment":[{"href":"https:\/\/tri-europe.com\/pl\/wp-json\/wp\/v2\/media?parent=1998"}],"curies":[{"name":"wp","href":"https:\/\/api.w.org\/{rel}","templated":true}]}}